

 {"id":1222,"date":"2021-06-22T16:57:01","date_gmt":"2021-06-22T16:57:01","guid":{"rendered":"https:\/\/arbocontrol.unb.br\/?page_id=1222"},"modified":"2021-06-22T17:09:18","modified_gmt":"2021-06-22T17:09:18","slug":"sudeste","status":"publish","type":"page","link":"https:\/\/arbocontrol.unb.br\/?page_id=1222","title":{"rendered":"Sudeste"},"content":{"rendered":"\t\t<div data-elementor-type=\"wp-page\" data-elementor-id=\"1222\" class=\"elementor elementor-1222\" data-elementor-settings=\"[]\">\n\t\t\t\t\t\t\t<div class=\"elementor-section-wrap\">\n\t\t\t\t\t\t\t<section class=\"elementor-section elementor-top-section elementor-element elementor-element-2c462d7 elementor-section-boxed elementor-section-height-default elementor-section-height-default\" data-id=\"2c462d7\" data-element_type=\"section\">\n\t\t\t\t\t\t<div class=\"elementor-container elementor-column-gap-default\">\n\t\t\t\t\t<div class=\"elementor-column elementor-col-100 elementor-top-column elementor-element elementor-element-be77099\" data-id=\"be77099\" data-element_type=\"column\">\n\t\t\t<div class=\"elementor-widget-wrap elementor-element-populated\">\n\t\t\t\t\t\t\t\t<div class=\"elementor-element elementor-element-aa84f87 elementor-widget elementor-widget-heading\" data-id=\"aa84f87\" data-element_type=\"widget\" data-widget_type=\"heading.default\">\n\t\t\t\t<div class=\"elementor-widget-container\">\n\t\t\t<h2 class=\"elementor-heading-title elementor-size-default\">REGI\u00c3O SUDESTE<\/h2>\t\t<\/div>\n\t\t\t\t<\/div>\n\t\t\t\t<div class=\"elementor-element elementor-element-1797b20 elementor-widget elementor-widget-image\" data-id=\"1797b20\" data-element_type=\"widget\" data-widget_type=\"image.default\">\n\t\t\t\t<div class=\"elementor-widget-container\">\n\t\t\t\t\t\t\t\t\t\t\t\t\t\t\t<img width=\"396\" height=\"251\" src=\"https:\/\/arbocontrol.unb.br\/wp-content\/uploads\/2021\/06\/mapa-sudeste.jpg\" class=\"attachment-large size-large\" alt=\"\" loading=\"lazy\" srcset=\"https:\/\/arbocontrol.unb.br\/wp-content\/uploads\/2021\/06\/mapa-sudeste.jpg 396w, https:\/\/arbocontrol.unb.br\/wp-content\/uploads\/2021\/06\/mapa-sudeste-300x190.jpg 300w\" sizes=\"(max-width: 396px) 100vw, 396px\" \/>\t\t\t\t\t\t\t\t\t\t\t\t\t\t\t<\/div>\n\t\t\t\t<\/div>\n\t\t\t\t<div class=\"elementor-element elementor-element-fbd2d9f elementor-widget elementor-widget-text-editor\" data-id=\"fbd2d9f\" data-element_type=\"widget\" data-widget_type=\"text-editor.default\">\n\t\t\t\t<div class=\"elementor-widget-container\">\n\t\t\t\t\t\t\t\t<p>A\u00a0Regi\u00e3o Sudeste apesar de ser a mais desenvolvida e populosa do pa\u00eds, respons\u00e1vel por 55,2% do PIB brasileiro, \u00e9 a segunda menor regi\u00e3o brasileira, ocupando uma \u00e1rea de aproximadamente 924\u00a0620\u00a0km\u00b2, ou seja, 1\/10 da superf\u00edcie do Brasil. Composta por quatro estados: Minas Gerais, S\u00e3o Paulo, Esp\u00edrito Santo e Rio de Janeiro faz divisa ao norte e a nordeste com a Bahia, ao sul e ao leste com o oceano Atl\u00e2ntico, a sudoeste com o Paran\u00e1, a oeste com o Mato Grosso do Sul, a noroeste com Goi\u00e1s e o Distrito Federal.<\/p><p>A regi\u00e3o Sudeste possui uma popula\u00e7\u00e3o de aproximadamente 85 milh\u00f5es de habitantes, o que significa dizer que 44% da popula\u00e7\u00e3o brasileira mora no Sudeste. \u00c9 tamb\u00e9m a regi\u00e3o mais densamente povoada do Brasil com 84,21 hab.\/km\u00b2.<\/p><p>O relevo do Sudeste \u00e9 formado por plan\u00edcies e terras baixas costeiras com muitas praias, restingas, lagoas costeiras e ba\u00edas; Serras e Planaltos conhecidos tamb\u00e9m como planalto Atl\u00e2ntico, sendo a parte mais acidentada da Regi\u00e3o Sudeste. As serras constituem a Serra do Mar. No Oeste est\u00e1 localizado o Vale do Rio Para\u00edba do Sul, que separa a Serra do Mar da Serra da Mantiqueira. Ao Norte as serras se afastam do litoral e d\u00e3o origem a Serra do Espinha\u00e7o; ao norte de S\u00e3o Paulo e a oeste de Minas Gerais encontra-se a Serra da Canastra. Atr\u00e1s da serra do Espinha\u00e7o, no noroeste da regi\u00e3o \u00e9 poss\u00edvel encontrar as chapadas sedimentares; o Planalto Meridional constitu\u00eddo por rochas sedimentares ocupa o centro-oeste de S\u00e3o Paulo e o oeste de Minas Gerais.<\/p><p>Quanto ao clima, a regi\u00e3o Sudeste apresenta uma varia\u00e7\u00e3o clim\u00e1tica decorrente de sua geografia, com clima tropical, tropical de altitude, subtropical, litor\u00e2neo \u00famido e semi\u00e1rido. O clima tropical predomina nas baixadas litor\u00e2neas do Rio de Janeiro, Esp\u00edrito Santo, norte de Minas Gerais e oeste de S\u00e3o Paulo, com temperaturas m\u00e9dias acima de 24\u00b0. O tropical de altitude predomina as partes mais altas do relevo e mant\u00e9m temperatura m\u00e9dia amena, em torno dos 18\u00baC. O clima Subtropical \u00e9 marcado por chuvas bem distribu\u00eddas durante todo o ano, com temperatura m\u00e9dia de 17\u00baC, predomina na regi\u00e3o sul do estado de S\u00e3o Paulo. No norte de Minas Gerais predomina o clima semi\u00e1rido, com esta\u00e7\u00e3o seca bem destacada que pode durar at\u00e9 mais de cinco meses. As menores temperaturas registradas na regi\u00e3o da Serra da Mantiqueira, que est\u00e1 localizada na divisa de Minas Gerais com os estados de Esp\u00edrito Santo, S\u00e3o Paulo e Rio de Janeiro.<\/p><p>A vegeta\u00e7\u00e3o da Regi\u00e3o Sudeste varia de acordo com o clima sendo poss\u00edvel encontrar Floresta Tropical, a Mata Atl\u00e2ntica bastante rica em \u00e1rvores altas; em algumas \u00e1reas do interior \u00e9 poss\u00edvel encontrar matas ciliares na beira dos rios, e nas \u00e1reas onde o solo predominante \u00e9 imperme\u00e1vel, a vegeta\u00e7\u00e3o encontrada \u00e9 o cerrado com suas \u00e1rvores baixas, vegeta\u00e7\u00e3o rasteira e arbustos. No norte de Minas Gerais a vegeta\u00e7\u00e3o \u00e9 a caatinga por causa do seu clima semi\u00e1rido. Nas \u00e1reas mais altas da Regi\u00e3o Sudeste, aparece a mata de arauc\u00e1ria. No planalto encontram-se os campos limpos, e no litoral da Regi\u00e3o Sudeste a vegeta\u00e7\u00e3o predominante \u00e9 a litor\u00e2nea, t\u00edpicas<br \/>de praias.<\/p>\t\t\t\t\t\t<\/div>\n\t\t\t\t<\/div>\n\t\t\t\t<div class=\"elementor-element elementor-element-8735bd7 elementor-widget elementor-widget-heading\" data-id=\"8735bd7\" data-element_type=\"widget\" data-widget_type=\"heading.default\">\n\t\t\t\t<div class=\"elementor-widget-container\">\n\t\t\t<h2 class=\"elementor-heading-title elementor-size-default\">MUNIC\u00cdPIOS PESQUISADOS NA REGI\u00c3O SUDESTE<\/h2>\t\t<\/div>\n\t\t\t\t<\/div>\n\t\t\t\t<div class=\"elementor-element elementor-element-34ed9ce elementor-widget elementor-widget-text-editor\" data-id=\"34ed9ce\" data-element_type=\"widget\" data-widget_type=\"text-editor.default\">\n\t\t\t\t<div class=\"elementor-widget-container\">\n\t\t\t\t\t\t\t\t<p><strong>BELO HORIZONTE (MG)<\/strong><br \/>O munic\u00edpio de Belo Horizonte \u00e9 a capital do estado de Minas Gerais. Possui uma extens\u00e3o territorial de aproximadamente 331.401km\u00b2 e uma popula\u00e7\u00e3o em 2010 de 2\u00a0371.151 habitantes, com densidade demogr\u00e1fica de 7.167,00 hab\/km\u00b2 e popula\u00e7\u00e3o estimada em 2019 de 2.512.070, sendo considerado o 6\u00ba munic\u00edpio mais populoso do pa\u00eds, o terceiro mais populoso da Regi\u00e3o Sudeste\u00a0e o mais populoso do Estado de Minas Gerais. O IDH municipal \u00e9 de 0,810, considerado alto.<\/p><p>Localizada na\u00a0Bacia do S\u00e3o Francisco, Belo Horizonte n\u00e3o \u00e9 banhada por nenhum grande rio e preserva pouco de sua vegeta\u00e7\u00e3o original cujos ambientes naturais foram extensamente modificados pelo homem.\u00a0 Cercada pela Serra do Curral, Belo Horizonte foi uma das primeiras cidades brasileiras planejadas para ser a capital pol\u00edtica e administrativa do estado mineiro, em substitui\u00e7\u00e3o \u00e0 Ouro Preto.<\/p><p>O clima \u00e9 classificado como\u00a0tropical com esta\u00e7\u00e3o seca. A temperatura \u00e9 amena durante o ano, com m\u00e9dias variando de 19\u00a0\u00b0C a 24\u00a0\u00b0.<\/p><p>Em 2010, Belo Horizonte gerou 1,4% do PIB do pa\u00eds,\u00a0e em 2013 era o\u00a0quarto maior PIB entre os munic\u00edpios brasileiros, respons\u00e1vel por 1,53% do total das riquezas produzidas no pa\u00eds. Em 2010 a taxa de escolariza\u00e7\u00e3o (para pessoas de 6 a 14 anos) foi de 97.6 e foram efetuadas 275.413 matr\u00edculas no ensino fundamental em 2018.<\/p><p>A taxa de mortalidade infantil m\u00e9dia na cidade \u00e9 de 9.99 para 1.000 nascidos vivos. Dados do SISAB \u2013 MS indicam em novembro de 2018 que havia 571 equipes de ESF garantindo uma cobertura de 78%. Dados do IBGE indicam 96,2% de esgotamento sanit\u00e1rio.<\/p><p><strong>S\u00c3O BERNARDO DO CAMPO (SP)<\/strong><br \/>\u00c9 um munic\u00edpio do estado de S\u00e3o Paulo localizado na mesorregi\u00e3o metropolitana do estado com extens\u00e3o territorial de 409,532 km\u00b2, sua popula\u00e7\u00e3o em 2010 era de 765.463 com densidade demogr\u00e1fica de 1.869,36 hab\/km\u00b2. Para 2019 a popula\u00e7\u00e3o foi estimada em 838.936 habitantes. O \u00cdndice de desenvolvimento humano municipal (IDHM) \u00e9 de 0,805. Atualmente o munic\u00edpio \u00e9 formado pelos distritos de S\u00e3o Bernardo do Campo e Riacho Grande De acordo com dados de 2015, do IBGE, o munic\u00edpio de S\u00e3o Bernardo do Campo ocupa o 16\u00b0 lugar de PIB entre as cidades brasileiras, com 42,7 bilh\u00f5es de reais, ou 0,71% do PIB brasileiro.<\/p><p>S\u00e3o Bernardo est\u00e1 inserido em \u00e1rea com clima \u00famido temperado, com temperatura m\u00e9dia entre 15 \u00b0C e 24 \u00b0C. A vegeta\u00e7\u00e3o do munic\u00edpio \u00e9 variada. Pr\u00f3ximo a Serra do Mar, h\u00e1 densa cobertura nativa de Mata Atl\u00e2ntica prim\u00e1ria e secund\u00e1ria. Devido \u00e0 exist\u00eancia de duas grandes \u00e1reas de reserva florestal, nas vertentes da bacia do sistema Billings a vegeta\u00e7\u00e3o \u00e9 secund\u00e1ria de m\u00e9dia densidade, devido processo de regenera\u00e7\u00e3o das \u00e1reas desmatadas, enquanto na \u00e1rea urbana, a vegeta\u00e7\u00e3o est\u00e1 presente principalmente em pra\u00e7as e canteiros.<\/p><p>Em 2010 a taxa de escolariza\u00e7\u00e3o (para pessoas de 6 a 14 anos) foi de 97.6 com 97.226 matr\u00edculas efetuadas no Ensino Fundamental em 2018.<\/p><p>A taxa de mortalidade infantil m\u00e9dia na cidade \u00e9 de 9.86 para 1.000 nascidos vivos. Dados do SISAB \u2013 MS indicam que em novembro de 2018 o munic\u00edpio possu\u00eda 133 equipes de ESF que representam 55,48% de cobertura. Dados do IBGE indicam 91% de esgotamento sanit\u00e1rio adequado nas resid\u00eancias.<\/p><p><strong>GOVERNADOR VALADARES (MG)<\/strong><br \/>O munic\u00edpio localizado no Vale do Rio Doce, a leste da capital do estado, possui uma \u00e1rea de 2\u00a0342,325\u00a0km\u00b2, representando 0,4003% do territ\u00f3rio. Segundo o IBGE, a popula\u00e7\u00e3o em 2010 era de 263.689, com densidade demogr\u00e1fica de 112,58 hab\/km\u00b2. A estimativa populacional em 2019 foi de 279.885 habitantes. O IDH municipal de 0,727, \u00e9 considerado alto.<\/p><p>\u00c9 uma regi\u00e3o relativamente aplainada, com altitudes m\u00e9dias entre 250 a 500 metros, com a presen\u00e7a de colinas suaves, vales e muitos cursos h\u00eddricos. Por se localizar na bacia do Rio Doce, o curso do rio corta o territ\u00f3rio municipal banhando toda zona urbana sendo o respons\u00e1vel pelo fornecimento de \u00e1gua \u00e0 maior parte da cidade.<\/p><p>O munic\u00edpio caracteriza-se por clima quente semi-\u00famido, com temperatura m\u00e9dia acima de 18\u00baC e quatro a cinco meses secos. Sua vegeta\u00e7\u00e3o \u00e9 de florestamento\/Reflorestamento com Eucaliptos.<\/p><p>Com o esgotamento dos recursos naturais, na d\u00e9cada de 1960, houve a queda dr\u00e1stica da produtividade na cidade o que reduziu os ganhos de capitais, provocando o fen\u00f4meno da migra\u00e7\u00e3o dos agentes econ\u00f4micos. Para o conjunto da regi\u00e3o, houve uma mudan\u00e7a no perfil econ\u00f4mico-social, com sua transforma\u00e7\u00e3o em reservat\u00f3rio de m\u00e3o de obra industrial e para o trabalho dom\u00e9stico do resto do pa\u00eds. Nos anos 1970, a situa\u00e7\u00e3o se agravou.<\/p><p>A cidade de Governador Valadares foi a \u00fanica de sua zona de influ\u00eancia que continuou a manter um crescimento demogr\u00e1fico, por\u00e9m, num ritmo menor que o crescimento vegetativo. Em 1993, calculou-se que cerca de 27.000 valadarenses haviam emigrado para o exterior, grande parte deles na faixa entre 16 e 35 anos. Os d\u00f3lares enviados pelos emigrantes movimentaram a ind\u00fastria da constru\u00e7\u00e3o civil, o com\u00e9rcio e propiciaram a abertura de muitos neg\u00f3cios. Estes recursos foram fundamentais para manterem a din\u00e2mica da economia nos anos 1980 e 90 e garantir o desenvolvimento da economia em outros setores dali por diante.<\/p><p>Em 2010 a taxa de escolariza\u00e7\u00e3o (para pessoas de 6 a 14 anos) foi de 97.2 com 34.742 matr\u00edculas efetuadas em 2018 no Ensino Fundamental A\u00a0taxa de mortalidade infantil m\u00e9dia na cidade \u00e9 de 14.32 para 1.000 nascidos vivos. As interna\u00e7\u00f5es devido a diarreias s\u00e3o de 0.4 para cada 1.000 habitantes. Dados do SISAB \u2013 MS indicam que em novembro de 2018 o munic\u00edpio possu\u00eda 61 equipes de ESF com cobertura de 74,92%. Dados do IBGE indicam 92,8 % de esgotamento sanit\u00e1rio.<\/p>\t\t\t\t\t\t<\/div>\n\t\t\t\t<\/div>\n\t\t\t\t\t<\/div>\n\t\t<\/div>\n\t\t\t\t\t\t\t<\/div>\n\t\t<\/section>\n\t\t\t\t\t\t<\/div>\n\t\t\t\t\t<\/div>\n\t\t","protected":false},"excerpt":{"rendered":"<p>REGI\u00c3O SUDESTE A\u00a0Regi\u00e3o Sudeste apesar de ser a mais desenvolvida e populosa do pa\u00eds, respons\u00e1vel por 55,2% do PIB brasileiro, \u00e9 a segunda menor regi\u00e3o brasileira, ocupando uma \u00e1rea de aproximadamente 924\u00a0620\u00a0km\u00b2, ou seja, 1\/10 da superf\u00edcie do Brasil. Composta por quatro estados: Minas Gerais, S\u00e3o Paulo, Esp\u00edrito Santo e Rio de Janeiro faz divisa [&hellip;]<\/p>\n","protected":false},"author":9,"featured_media":0,"parent":0,"menu_order":0,"comment_status":"closed","ping_status":"closed","template":"elementor_header_footer","meta":[],"_links":{"self":[{"href":"https:\/\/arbocontrol.unb.br\/index.php?rest_route=\/wp\/v2\/pages\/1222"}],"collection":[{"href":"https:\/\/arbocontrol.unb.br\/index.php?rest_route=\/wp\/v2\/pages"}],"about":[{"href":"https:\/\/arbocontrol.unb.br\/index.php?rest_route=\/wp\/v2\/types\/page"}],"author":[{"embeddable":true,"href":"https:\/\/arbocontrol.unb.br\/index.php?rest_route=\/wp\/v2\/users\/9"}],"replies":[{"embeddable":true,"href":"https:\/\/arbocontrol.unb.br\/index.php?rest_route=%2Fwp%2Fv2%2Fcomments&post=1222"}],"version-history":[{"count":7,"href":"https:\/\/arbocontrol.unb.br\/index.php?rest_route=\/wp\/v2\/pages\/1222\/revisions"}],"predecessor-version":[{"id":1230,"href":"https:\/\/arbocontrol.unb.br\/index.php?rest_route=\/wp\/v2\/pages\/1222\/revisions\/1230"}],"wp:attachment":[{"href":"https:\/\/arbocontrol.unb.br\/index.php?rest_route=%2Fwp%2Fv2%2Fmedia&parent=1222"}],"curies":[{"name":"wp","href":"https:\/\/api.w.org\/{rel}","templated":true}]}}