

 {"id":1231,"date":"2021-06-22T17:17:07","date_gmt":"2021-06-22T17:17:07","guid":{"rendered":"https:\/\/arbocontrol.unb.br\/?page_id=1231"},"modified":"2021-06-22T17:28:03","modified_gmt":"2021-06-22T17:28:03","slug":"sul","status":"publish","type":"page","link":"https:\/\/arbocontrol.unb.br\/?page_id=1231","title":{"rendered":"Sul"},"content":{"rendered":"\t\t<div data-elementor-type=\"wp-page\" data-elementor-id=\"1231\" class=\"elementor elementor-1231\" data-elementor-settings=\"[]\">\n\t\t\t\t\t\t\t<div class=\"elementor-section-wrap\">\n\t\t\t\t\t\t\t<section class=\"elementor-section elementor-top-section elementor-element elementor-element-2c462d7 elementor-section-boxed elementor-section-height-default elementor-section-height-default\" data-id=\"2c462d7\" data-element_type=\"section\">\n\t\t\t\t\t\t<div class=\"elementor-container elementor-column-gap-default\">\n\t\t\t\t\t<div class=\"elementor-column elementor-col-100 elementor-top-column elementor-element elementor-element-be77099\" data-id=\"be77099\" data-element_type=\"column\">\n\t\t\t<div class=\"elementor-widget-wrap elementor-element-populated\">\n\t\t\t\t\t\t\t\t<div class=\"elementor-element elementor-element-aa84f87 elementor-widget elementor-widget-heading\" data-id=\"aa84f87\" data-element_type=\"widget\" data-widget_type=\"heading.default\">\n\t\t\t\t<div class=\"elementor-widget-container\">\n\t\t\t<h2 class=\"elementor-heading-title elementor-size-default\">REGI\u00c3O SUL<\/h2>\t\t<\/div>\n\t\t\t\t<\/div>\n\t\t\t\t<div class=\"elementor-element elementor-element-1797b20 elementor-widget elementor-widget-image\" data-id=\"1797b20\" data-element_type=\"widget\" data-widget_type=\"image.default\">\n\t\t\t\t<div class=\"elementor-widget-container\">\n\t\t\t\t\t\t\t\t\t\t\t\t\t\t\t<img width=\"278\" height=\"271\" src=\"https:\/\/arbocontrol.unb.br\/wp-content\/uploads\/2021\/06\/mapa-sul.jpg\" class=\"attachment-large size-large\" alt=\"\" loading=\"lazy\" \/>\t\t\t\t\t\t\t\t\t\t\t\t\t\t\t<\/div>\n\t\t\t\t<\/div>\n\t\t\t\t<div class=\"elementor-element elementor-element-fbd2d9f elementor-widget elementor-widget-text-editor\" data-id=\"fbd2d9f\" data-element_type=\"widget\" data-widget_type=\"text-editor.default\">\n\t\t\t\t<div class=\"elementor-widget-container\">\n\t\t\t\t\t\t\t\t<p>A Regi\u00e3o Sul do Brasil \u00e9 composta apenas por tr\u00eas estados: Paran\u00e1, Santa Catarina e Rio Grande do Sul, sendo, portanto, a menor das cinco regi\u00f5es do pa\u00eds com uma extens\u00e3o territorial de 576\u00a0774,31\u00a0km\u00b2. Faz limite ao norte pelos estados de\u00a0S\u00e3o Paulo e Mato Grosso do Sul, ao sul pelo\u00a0Uruguai, a oeste pelo\u00a0Paraguai e\u00a0Argentina. A regi\u00e3o \u00e9 banhada a leste pelo Oceano Atl\u00e2ntico.<\/p><p>\u00c9 \u00fanica regi\u00e3o brasileira com as esta\u00e7\u00f5es do ano variando nitidamente. O relevo da Regi\u00e3o Sul tem predomin\u00e2ncia de grande planalto, geralmente, de pequena eleva\u00e7\u00e3o. A Regi\u00e3o Sul come\u00e7ou a ser colonizada entre os s\u00e9culos XVII e XVIII. A maioria dos imigrantes vieram de pa\u00edses como Uruguai, Argentina, Espanha, Alemanha, It\u00e1lia, Pol\u00f4nia, Ucr\u00e2nia, dentre outros. Esse processo migrat\u00f3rio influenciou sobremaneira nos costumes e h\u00e1bitos da popula\u00e7\u00e3o al\u00e9m da arquitetura e uso do solo tendo sido os europeus os introdutores do sistema de pequenas e m\u00e9dias fazendas.<\/p><p>As cidades mais populosas da regi\u00e3o s\u00e3o Curitiba (PR) e Porto Alegre (RS). A Regi\u00e3o Sul propriamente dita \u00e9 um grande polo tur\u00edstico, econ\u00f4mico e cultural. O desenvolvimento econ\u00f4mico da regi\u00e3o se pauta principalmente na \u00e1rea do turismo e na explora\u00e7\u00e3o de carv\u00e3o cujas principais reservas se localizam na regi\u00e3o de Crici\u00fama em Santa Catarina.<\/p><p>A regi\u00e3o apresenta \u00edndices sociais acima da m\u00e9dia brasileira. Possui o maior \u00cdndice de Desenvolvimento Humano (IDH) do Brasil: 0,756 tendo o terceiro maior Produto Interno Bruto (PIB) per capita do pa\u00eds. A regi\u00e3o \u00e9 tamb\u00e9m a mais alfabetizada, 95,2% da popula\u00e7\u00e3o, e a que possui a menor incid\u00eancia de pobreza.<\/p>\t\t\t\t\t\t<\/div>\n\t\t\t\t<\/div>\n\t\t\t\t<div class=\"elementor-element elementor-element-8735bd7 elementor-widget elementor-widget-heading\" data-id=\"8735bd7\" data-element_type=\"widget\" data-widget_type=\"heading.default\">\n\t\t\t\t<div class=\"elementor-widget-container\">\n\t\t\t<h2 class=\"elementor-heading-title elementor-size-default\">MUNIC\u00cdPIOS PESQUISADOS NA REGI\u00c3O SUL<\/h2>\t\t<\/div>\n\t\t\t\t<\/div>\n\t\t\t\t<div class=\"elementor-element elementor-element-34ed9ce elementor-widget elementor-widget-text-editor\" data-id=\"34ed9ce\" data-element_type=\"widget\" data-widget_type=\"text-editor.default\">\n\t\t\t\t<div class=\"elementor-widget-container\">\n\t\t\t\t\t\t\t\t<p><strong>CASCAVEL (PR)<\/strong><br \/>Munic\u00edpio localizado na regi\u00e3o\u00a0Oeste do Estado do Paran\u00e1, com extens\u00e3o territorial total de 2.100,831 km\u00b2, e popula\u00e7\u00e3o de 286.205 habitantes segundo o IBGE em 2010 e densidade demogr\u00e1fica de 136,23 hab\/km\u00b2, com popula\u00e7\u00e3o estimada em 328.454 habitantes para 2019. O munic\u00edpio possui e o IDH municipal de 0,782, considerado alto.<\/p><p>Est\u00e1 localizado em \u00e1rea de clima temperado mesot\u00e9rmico brando e \u00famido, cuja temperatura m\u00e9dia est\u00e1 entre 10\u00ba e 16\u00ba C. Atualmente predomina no munic\u00edpio vegeta\u00e7\u00e3o de Florestamento\/Reflorestamento com Pinus. O agroneg\u00f3cio \u00e9 o principal setor econ\u00f4mico de Cascavel que possui mais de 4000 estabelecimentos agropecu\u00e1rios. O munic\u00edpio possui o 6\u00b0 maior PIB do Paran\u00e1 e o 90\u00b0 do Brasil. Outros ramos que t\u00eam experimentado forte crescimento<br \/>s\u00e3o os de metalurgia e confec\u00e7\u00e3o.<\/p><p>Cascavel possui um dos melhores servi\u00e7os de saneamento b\u00e1sico do pa\u00eds considerando os indicadores de abastecimento de \u00e1gua; coleta e tratamento de esgotos; perdas; investimentos\/arrecada\u00e7\u00e3o. Todos os domic\u00edlios contam com servi\u00e7o de \u00e1gua e coleta de esgoto, que \u00e9 100% tratado.<\/p><p>Em 2010 a taxa de escolariza\u00e7\u00e3o (para pessoas de 6 a 14 anos) foi de 98.1 com registro de 41.150 matr\u00edculas no Ensino Fundamental em 2018.<\/p><p>A taxa de mortalidade infantil m\u00e9dia na cidade \u00e9 de 10 para 1.000 nascidos vivos. Dados do SISAB \u2013 MS indicam que o munic\u00edpio contava com 49 equipes de ESF em novembro de 2018, garantindo uma cobertura de 52,89%.<\/p><p><strong>DOIS VIZINHOS (PR)<\/strong><br \/>O munic\u00edpio est\u00e1 localizado na mesorregi\u00e3o do sudoeste paranaense, com uma \u00e1rea de 418.320 Km\u00b2 e popula\u00e7\u00e3o em 2010 segundo o Censo de 36.179 com densidade demogr\u00e1fica de 96,18 hab\/km\u00b2 e popula\u00e7\u00e3o estimada para 2018 em 40.641 hab. O IDH municipal de 0,773 \u00e9 considerado alto. O munic\u00edpio est\u00e1 localizado no mais importante divisor de \u00e1guas da regi\u00e3o, com in\u00fameras nascentes e c\u00f3rregos, riachos e rios que fazem parte da Bacia do\u00a0Rio Paran\u00e1. O munic\u00edpio ainda apresenta fragmentos da mata nativa e a chamada mata de arauc\u00e1ria. Originalmente a vegeta\u00e7\u00e3o existente era a mata pluvial-subtropical.<\/p><p>O clima \u00e9 subtropical \u00famido mesot\u00e9rmico, com ver\u00f5es quentes e geadas frequentes. A m\u00e9dia das temperaturas dos meses mais quentes \u00e9 superior a 30\u00a0\u00b0C, e dos meses mais frios \u00e9 inferior a 18\u00a0\u00b0C, com frequentes temperaturas negativas, com umidade relativa do ar de 65%. A economia \u00e9 diversificada nos setores agropecu\u00e1rio, de com\u00e9rcio, servi\u00e7os e ind\u00fastria, onde Dois Vizinhos \u00e9 polo estadual em Metal, Mec\u00e2nica e Confec\u00e7\u00f5es. O principal destaque econ\u00f4mico ainda \u00e9 o setor de\u00a0Avicultura. O munic\u00edpio \u00e9 considerado hoje, como a\u00a0capital Nacional do Frango, por possuir a maior produ\u00e7\u00e3o e o maior abate de aves da\u00a0Am\u00e9rica Latina. A empresa Sadia, cresceu junto com a cidade, e em 2018 possu\u00eda um abate de aproximadamente 574.000<br \/>aves por dia.<\/p><p>Em 2010 a taxa de escolariza\u00e7\u00e3o (para pessoas de 6 a 14 anos) foi de 98.4 e registrou 4.735 matr\u00edculas no Ensino Fundamental em 2018. A taxa de mortalidade infantil m\u00e9dia na cidade \u00e9 de 10.12 para 1.000 nascidos vivos. Apresenta 45.8% de domic\u00edlios com esgotamento sanit\u00e1rio adequado. Em 2009, segundo o IBGE Cidades, o munic\u00edpio possu\u00eda 18 estabelecimentos de Sa\u00fade (SUS) e o SIAB registrava 60,7% de cobertura populacional pela Estrat\u00e9gia de Sa\u00fade da Fam\u00edlia em 2010.<\/p><p><strong>GRAMADO (RS)<\/strong><br \/>O munic\u00edpio de Gramado est\u00e1 localizado na Serra Ga\u00facha, na Regi\u00e3o das Hort\u00eansias, com altitude 830 metros. Com uma extens\u00e3o territorial de 237,827 km\u00b2, sua popula\u00e7\u00e3o era de 35.875<\/p><p>habitantes e densidade demogr\u00e1fica estimada de 135,70 hab\/km 2 em 2010. Em 2018, o IBGE estimou em 36.232 a popula\u00e7\u00e3o. O IDH municipal de 0,764, considerado alto. Sua demografia \u00e9 etnicamente variada com forte influ\u00eancia alem\u00e3 e italiana.<\/p><p>O munic\u00edpio foi criado em 1954 e colonizada por descendentes a\u00e7orianos, imigrantes alem\u00e3es e italianos. Est\u00e1 localizado em \u00e1rea de clima temperado mesot\u00e9rmico super \u00famido, cuja temperatura m\u00e9dia est\u00e1 entre 10\u00ba e 16\u00ba C sem seca. A vegeta\u00e7\u00e3o \u00e9 de reflorestamento e do tipo secund\u00e1ria.<\/p><p>A economia do munic\u00edpio \u00e9 voltada para o turismo. A atividade tur\u00edstica \u00e9 respons\u00e1vel por 90% da receita do munic\u00edpio. Tamb\u00e9m existem ind\u00fastrias do setor moveleiro, de chocolates e malharias. As empresas artesanais ou semi artesanais empregam fam\u00edlias de imigrantes e produzem mel, geleias, queijo, vinho, p\u00e3o caseiro, cucas, dentre outras iguarias. Tais atividades utilizam mat\u00e9ria prima da pr\u00f3pria regi\u00e3o. Esse tipo de economia se reflete no com\u00e9rcio que conta com diversas lojas de artes, artesanatos, malhas, m\u00f3veis, restaurantes, dentre outras.<\/p><p>A cidade destaca-se como centro de grandes eventos nacionais e internacionais, como congressos e encontros, al\u00e9m de sediar anualmente o Festival Brasileiro e Latino de Cinema, um dos mais importantes festivais de cinema da Am\u00e9rica Latina. Tamb\u00e9m atrai milhares de turistas o festival natalino conhecido como Natal Luz.<\/p><p>No \u00e2mbito educacional, a taxa de escolariza\u00e7\u00e3o (para pessoas de 6 a 14 anos) foi de 96.9 em 2010 e foram registradas 4.537 matr\u00edculas no Ensino Fundamental em 2018.<\/p><p>A taxa de mortalidade infantil m\u00e9dia na cidade \u00e9 de 9.33 para 1.000 nascidos vivos. Dados do SISAB \u2013 MS indicam que em novembro de 2018 havia 6 equipes ESF que representam cobertura de 59,06%. Dados do IBGE indicam 91% de tratamento de esgoto.<\/p><p><strong>GENTIL (RS)<\/strong><br \/>De coloniza\u00e7\u00e3o italiana, o munic\u00edpio de Gentil pertence a mesorregi\u00e3o do noroeste do Rio Grande do Sul. Obteve sua emancipa\u00e7\u00e3o do Distrito de Gentil em 1992. O nome do munic\u00edpio remete ao l\u00edder religioso capuchinho Frei Gentil que ali residiu no per\u00edodo de 1934 a 1943. Com variadas formas de relevo, possui extens\u00e3o territorial de 184,014 km\u00b2, com popula\u00e7\u00e3o em 2010 de 1.677 habitantes e densidade demogr\u00e1fica de 9,11 hab\/km\u00b2, teve popula\u00e7\u00e3o estimada em 2018 pelo IBGE em 1.634 habitantes. O IDH municipal de 0,733, \u00e9 alto.<\/p><p>Localiza-se em \u00e1rea de clima temperado mesot\u00e9rmico brando super \u00famido, no qual a temperatura m\u00e9dia est\u00e1 entre 10\u00ba e 16\u00ba C.<\/p><p>Dados do SISAB \u2013 MS indicam que em novembro de 2018 havia uma equipe ESF que indica cobertura de 100%. A taxa de mortalidade infantil m\u00e9dia na cidade \u00e9 de 0 para 1.000 nascidos vivos. Os dados do IBGE indicam 27,5% de tratamento de esgoto.<\/p>\t\t\t\t\t\t<\/div>\n\t\t\t\t<\/div>\n\t\t\t\t\t<\/div>\n\t\t<\/div>\n\t\t\t\t\t\t\t<\/div>\n\t\t<\/section>\n\t\t\t\t\t\t<\/div>\n\t\t\t\t\t<\/div>\n\t\t","protected":false},"excerpt":{"rendered":"<p>REGI\u00c3O SUL A Regi\u00e3o Sul do Brasil \u00e9 composta apenas por tr\u00eas estados: Paran\u00e1, Santa Catarina e Rio Grande do Sul, sendo, portanto, a menor das cinco regi\u00f5es do pa\u00eds com uma extens\u00e3o territorial de 576\u00a0774,31\u00a0km\u00b2. Faz limite ao norte pelos estados de\u00a0S\u00e3o Paulo e Mato Grosso do Sul, ao sul pelo\u00a0Uruguai, a oeste pelo\u00a0Paraguai [&hellip;]<\/p>\n","protected":false},"author":9,"featured_media":0,"parent":0,"menu_order":0,"comment_status":"closed","ping_status":"closed","template":"elementor_header_footer","meta":[],"_links":{"self":[{"href":"https:\/\/arbocontrol.unb.br\/index.php?rest_route=\/wp\/v2\/pages\/1231"}],"collection":[{"href":"https:\/\/arbocontrol.unb.br\/index.php?rest_route=\/wp\/v2\/pages"}],"about":[{"href":"https:\/\/arbocontrol.unb.br\/index.php?rest_route=\/wp\/v2\/types\/page"}],"author":[{"embeddable":true,"href":"https:\/\/arbocontrol.unb.br\/index.php?rest_route=\/wp\/v2\/users\/9"}],"replies":[{"embeddable":true,"href":"https:\/\/arbocontrol.unb.br\/index.php?rest_route=%2Fwp%2Fv2%2Fcomments&post=1231"}],"version-history":[{"count":4,"href":"https:\/\/arbocontrol.unb.br\/index.php?rest_route=\/wp\/v2\/pages\/1231\/revisions"}],"predecessor-version":[{"id":1237,"href":"https:\/\/arbocontrol.unb.br\/index.php?rest_route=\/wp\/v2\/pages\/1231\/revisions\/1237"}],"wp:attachment":[{"href":"https:\/\/arbocontrol.unb.br\/index.php?rest_route=%2Fwp%2Fv2%2Fmedia&parent=1231"}],"curies":[{"name":"wp","href":"https:\/\/api.w.org\/{rel}","templated":true}]}}