

 {"id":1238,"date":"2021-06-22T17:29:30","date_gmt":"2021-06-22T17:29:30","guid":{"rendered":"https:\/\/arbocontrol.unb.br\/?page_id=1238"},"modified":"2022-05-24T14:10:27","modified_gmt":"2022-05-24T14:10:27","slug":"dados","status":"publish","type":"page","link":"https:\/\/arbocontrol.unb.br\/?page_id=1238","title":{"rendered":"Dados"},"content":{"rendered":"\t\t<div data-elementor-type=\"wp-page\" data-elementor-id=\"1238\" class=\"elementor elementor-1238\" data-elementor-settings=\"[]\">\n\t\t\t\t\t\t\t<div class=\"elementor-section-wrap\">\n\t\t\t\t\t\t\t<section class=\"elementor-section elementor-top-section elementor-element elementor-element-2c462d7 elementor-section-boxed elementor-section-height-default elementor-section-height-default\" data-id=\"2c462d7\" data-element_type=\"section\">\n\t\t\t\t\t\t<div class=\"elementor-container elementor-column-gap-default\">\n\t\t\t\t\t<div class=\"elementor-column elementor-col-100 elementor-top-column elementor-element elementor-element-be77099\" data-id=\"be77099\" data-element_type=\"column\">\n\t\t\t<div class=\"elementor-widget-wrap elementor-element-populated\">\n\t\t\t\t\t\t\t\t<div class=\"elementor-element elementor-element-1797b20 elementor-widget elementor-widget-image\" data-id=\"1797b20\" data-element_type=\"widget\" data-widget_type=\"image.default\">\n\t\t\t\t<div class=\"elementor-widget-container\">\n\t\t\t\t\t\t\t\t\t\t\t\t\t\t\t<img width=\"1024\" height=\"653\" src=\"https:\/\/arbocontrol.unb.br\/wp-content\/uploads\/2021\/06\/tabela-dados-01-1024x653.jpg\" class=\"attachment-large size-large\" alt=\"\" loading=\"lazy\" srcset=\"https:\/\/arbocontrol.unb.br\/wp-content\/uploads\/2021\/06\/tabela-dados-01-1024x653.jpg 1024w, https:\/\/arbocontrol.unb.br\/wp-content\/uploads\/2021\/06\/tabela-dados-01-300x191.jpg 300w, https:\/\/arbocontrol.unb.br\/wp-content\/uploads\/2021\/06\/tabela-dados-01-768x490.jpg 768w, https:\/\/arbocontrol.unb.br\/wp-content\/uploads\/2021\/06\/tabela-dados-01.jpg 1027w\" sizes=\"(max-width: 1024px) 100vw, 1024px\" \/>\t\t\t\t\t\t\t\t\t\t\t\t\t\t\t<\/div>\n\t\t\t\t<\/div>\n\t\t\t\t<div class=\"elementor-element elementor-element-ba30148 elementor-widget elementor-widget-heading\" data-id=\"ba30148\" data-element_type=\"widget\" data-widget_type=\"heading.default\">\n\t\t\t\t<div class=\"elementor-widget-container\">\n\t\t\t<h2 class=\"elementor-heading-title elementor-size-default\"><a href=\"https:\/\/cidades.ibge.gov.br\/brasil\/panorama\" target=\"_blank\">Fonte: Organizado com base nos dados do IBGE Cidades (https:\/\/cidades.ibge.gov.br\/brasil\/panorama)<\/a><\/h2>\t\t<\/div>\n\t\t\t\t<\/div>\n\t\t\t\t<div class=\"elementor-element elementor-element-8735bd7 elementor-widget elementor-widget-heading\" data-id=\"8735bd7\" data-element_type=\"widget\" data-widget_type=\"heading.default\">\n\t\t\t\t<div class=\"elementor-widget-container\">\n\t\t\t<h2 class=\"elementor-heading-title elementor-size-default\">COBERTURA DE ATENDIMENTO DE SA\u00daDE DA POPULA\u00c7\u00c3O EM 2010 PELO SUS NO BRASIL E REGI\u00d5ES<\/h2>\t\t<\/div>\n\t\t\t\t<\/div>\n\t\t\t\t<div class=\"elementor-element elementor-element-eddb3b8 elementor-widget elementor-widget-image\" data-id=\"eddb3b8\" data-element_type=\"widget\" data-widget_type=\"image.default\">\n\t\t\t\t<div class=\"elementor-widget-container\">\n\t\t\t\t\t\t\t\t\t\t\t\t\t\t\t<img width=\"597\" height=\"218\" src=\"https:\/\/arbocontrol.unb.br\/wp-content\/uploads\/2021\/06\/tabela-dados-02.jpg\" class=\"attachment-large size-large\" alt=\"\" loading=\"lazy\" srcset=\"https:\/\/arbocontrol.unb.br\/wp-content\/uploads\/2021\/06\/tabela-dados-02.jpg 597w, https:\/\/arbocontrol.unb.br\/wp-content\/uploads\/2021\/06\/tabela-dados-02-300x110.jpg 300w\" sizes=\"(max-width: 597px) 100vw, 597px\" \/>\t\t\t\t\t\t\t\t\t\t\t\t\t\t\t<\/div>\n\t\t\t\t<\/div>\n\t\t\t\t<div class=\"elementor-element elementor-element-5ac18c2 elementor-widget elementor-widget-heading\" data-id=\"5ac18c2\" data-element_type=\"widget\" data-widget_type=\"heading.default\">\n\t\t\t\t<div class=\"elementor-widget-container\">\n\t\t\t<h2 class=\"elementor-heading-title elementor-size-default\"><a href=\"http:\/\/idsus.saude.gov.br\/ficha1s.html\" target=\"_blank\">Fonte: http:\/\/idsus.saude.gov.br\/ficha1s.html<\/a><\/h2>\t\t<\/div>\n\t\t\t\t<\/div>\n\t\t\t\t<div class=\"elementor-element elementor-element-34ed9ce elementor-widget elementor-widget-text-editor\" data-id=\"34ed9ce\" data-element_type=\"widget\" data-widget_type=\"text-editor.default\">\n\t\t\t\t<div class=\"elementor-widget-container\">\n\t\t\t\t\t\t\t\t<p>Destacamos a seguir os indicadores epidemiol\u00f3gicos para o n\u00famero de casos registrados de Dengue, Zika e Chikungunya nos estados brasileiros pesquisados pelo Projeto ArboControl no ano de 2018 e primeiro semestre de 2019 conforme divulgado pela ag\u00eancia de not\u00edcias do Minist\u00e9rio da Sa\u00fade.<\/p>\t\t\t\t\t\t<\/div>\n\t\t\t\t<\/div>\n\t\t\t\t<div class=\"elementor-element elementor-element-bd45832 elementor-widget elementor-widget-image\" data-id=\"bd45832\" data-element_type=\"widget\" data-widget_type=\"image.default\">\n\t\t\t\t<div class=\"elementor-widget-container\">\n\t\t\t\t\t\t\t\t\t\t\t\t\t\t\t<img width=\"1021\" height=\"343\" src=\"https:\/\/arbocontrol.unb.br\/wp-content\/uploads\/2021\/06\/tabela-dados-03.jpg\" class=\"attachment-large size-large\" alt=\"\" loading=\"lazy\" srcset=\"https:\/\/arbocontrol.unb.br\/wp-content\/uploads\/2021\/06\/tabela-dados-03.jpg 1021w, https:\/\/arbocontrol.unb.br\/wp-content\/uploads\/2021\/06\/tabela-dados-03-300x101.jpg 300w, https:\/\/arbocontrol.unb.br\/wp-content\/uploads\/2021\/06\/tabela-dados-03-768x258.jpg 768w\" sizes=\"(max-width: 1021px) 100vw, 1021px\" \/>\t\t\t\t\t\t\t\t\t\t\t\t\t\t\t<\/div>\n\t\t\t\t<\/div>\n\t\t\t\t<div class=\"elementor-element elementor-element-3f0b176 elementor-widget elementor-widget-heading\" data-id=\"3f0b176\" data-element_type=\"widget\" data-widget_type=\"heading.default\">\n\t\t\t\t<div class=\"elementor-widget-container\">\n\t\t\t<h2 class=\"elementor-heading-title elementor-size-default\"><a href=\"http:\/\/www.saude.gov.br\/noticias\/agencia-saude\/45257-ministerio-da-saude-alerta-para-aumento-de-149-dos-casos-de-dengue-no-pais#uf\" target=\"_blank\">Fonte: A partir de dados<br>http:\/\/www.saude.gov.br\/noticias\/agencia-saude\/45257-ministerio-da-saude-alerta-para-aumento-de-149-dos-casos-de-dengue-no-pais#uf<\/a><\/h2>\t\t<\/div>\n\t\t\t\t<\/div>\n\t\t\t\t<div class=\"elementor-element elementor-element-e1c504e elementor-widget elementor-widget-text-editor\" data-id=\"e1c504e\" data-element_type=\"widget\" data-widget_type=\"text-editor.default\">\n\t\t\t\t<div class=\"elementor-widget-container\">\n\t\t\t\t\t\t\t\t<p>A an\u00e1lise dos dados acima nos indica que, dos estados participantes da Pesquisa ArboControl, dois deles (Tocantins e S\u00e3o Paulo) tiveram aumento de mais de 1000% no n\u00famero de casos de dengue. Tocantins, com crescimento de 1.369%, saindo de 210 para 3.085 caos; e S\u00e3o Paulo com aumento de 1.072%, passando de 1.450 para 17.004 casos prov\u00e1veis. O estado do Paran\u00e1 tamb\u00e9m apresentou crescimento significativo de 648,6%, saindo de 214 para 1.602 casos registrados.<\/p><p>A Dengue ainda \u00e9 a doen\u00e7a com maior incid\u00eancia em todos os estados brasileiros. Os dados do MS indicam que o n\u00famero de casos de Dengue, em 2019, em nove Unidades da Federa\u00e7\u00e3o passou de 100 a cada 100 mil habitantes, conforme apresentado em tabela abaixo.<\/p><p>Observa-se que todas as regi\u00f5es foram atingidas por epidemia.<\/p>\t\t\t\t\t\t<\/div>\n\t\t\t\t<\/div>\n\t\t\t\t<div class=\"elementor-element elementor-element-5682ab2 elementor-widget elementor-widget-image\" data-id=\"5682ab2\" data-element_type=\"widget\" data-widget_type=\"image.default\">\n\t\t\t\t<div class=\"elementor-widget-container\">\n\t\t\t\t\t\t\t\t\t\t\t\t\t\t\t<img width=\"477\" height=\"269\" src=\"https:\/\/arbocontrol.unb.br\/wp-content\/uploads\/2021\/06\/tabela-dados-04.jpg\" class=\"attachment-large size-large\" alt=\"\" loading=\"lazy\" srcset=\"https:\/\/arbocontrol.unb.br\/wp-content\/uploads\/2021\/06\/tabela-dados-04.jpg 477w, https:\/\/arbocontrol.unb.br\/wp-content\/uploads\/2021\/06\/tabela-dados-04-300x169.jpg 300w\" sizes=\"(max-width: 477px) 100vw, 477px\" \/>\t\t\t\t\t\t\t\t\t\t\t\t\t\t\t<\/div>\n\t\t\t\t<\/div>\n\t\t\t\t<div class=\"elementor-element elementor-element-a79c586 elementor-widget elementor-widget-heading\" data-id=\"a79c586\" data-element_type=\"widget\" data-widget_type=\"heading.default\">\n\t\t\t\t<div class=\"elementor-widget-container\">\n\t\t\t<h2 class=\"elementor-heading-title elementor-size-default\">Fonte: Minist\u00e9rio da Sa\u00fade<\/h2>\t\t<\/div>\n\t\t\t\t<\/div>\n\t\t\t\t\t<\/div>\n\t\t<\/div>\n\t\t\t\t\t\t\t<\/div>\n\t\t<\/section>\n\t\t\t\t\t\t<\/div>\n\t\t\t\t\t<\/div>\n\t\t","protected":false},"excerpt":{"rendered":"<p>Fonte: Organizado com base nos dados do IBGE Cidades (https:\/\/cidades.ibge.gov.br\/brasil\/panorama) COBERTURA DE ATENDIMENTO DE SA\u00daDE DA POPULA\u00c7\u00c3O EM 2010 PELO SUS NO BRASIL E REGI\u00d5ES Fonte: http:\/\/idsus.saude.gov.br\/ficha1s.html Destacamos a seguir os indicadores epidemiol\u00f3gicos para o n\u00famero de casos registrados de Dengue, Zika e Chikungunya nos estados brasileiros pesquisados pelo Projeto ArboControl no ano de 2018 [&hellip;]<\/p>\n","protected":false},"author":9,"featured_media":0,"parent":0,"menu_order":0,"comment_status":"closed","ping_status":"closed","template":"elementor_header_footer","meta":[],"_links":{"self":[{"href":"https:\/\/arbocontrol.unb.br\/index.php?rest_route=\/wp\/v2\/pages\/1238"}],"collection":[{"href":"https:\/\/arbocontrol.unb.br\/index.php?rest_route=\/wp\/v2\/pages"}],"about":[{"href":"https:\/\/arbocontrol.unb.br\/index.php?rest_route=\/wp\/v2\/types\/page"}],"author":[{"embeddable":true,"href":"https:\/\/arbocontrol.unb.br\/index.php?rest_route=\/wp\/v2\/users\/9"}],"replies":[{"embeddable":true,"href":"https:\/\/arbocontrol.unb.br\/index.php?rest_route=%2Fwp%2Fv2%2Fcomments&post=1238"}],"version-history":[{"count":19,"href":"https:\/\/arbocontrol.unb.br\/index.php?rest_route=\/wp\/v2\/pages\/1238\/revisions"}],"predecessor-version":[{"id":1697,"href":"https:\/\/arbocontrol.unb.br\/index.php?rest_route=\/wp\/v2\/pages\/1238\/revisions\/1697"}],"wp:attachment":[{"href":"https:\/\/arbocontrol.unb.br\/index.php?rest_route=%2Fwp%2Fv2%2Fmedia&parent=1238"}],"curies":[{"name":"wp","href":"https:\/\/api.w.org\/{rel}","templated":true}]}}