

 {"id":1369,"date":"2021-06-23T18:45:32","date_gmt":"2021-06-23T18:45:32","guid":{"rendered":"https:\/\/arbocontrol.unb.br\/?page_id=1369"},"modified":"2021-06-23T18:49:10","modified_gmt":"2021-06-23T18:49:10","slug":"historia","status":"publish","type":"page","link":"https:\/\/arbocontrol.unb.br\/?page_id=1369","title":{"rendered":"Hist\u00f3ria"},"content":{"rendered":"\t\t<div data-elementor-type=\"wp-page\" data-elementor-id=\"1369\" class=\"elementor elementor-1369\" data-elementor-settings=\"[]\">\n\t\t\t\t\t\t\t<div class=\"elementor-section-wrap\">\n\t\t\t\t\t\t\t<section class=\"elementor-section elementor-top-section elementor-element elementor-element-2c462d7 elementor-section-boxed elementor-section-height-default elementor-section-height-default\" data-id=\"2c462d7\" data-element_type=\"section\">\n\t\t\t\t\t\t<div class=\"elementor-container elementor-column-gap-default\">\n\t\t\t\t\t<div class=\"elementor-column elementor-col-100 elementor-top-column elementor-element elementor-element-be77099\" data-id=\"be77099\" data-element_type=\"column\">\n\t\t\t<div class=\"elementor-widget-wrap elementor-element-populated\">\n\t\t\t\t\t\t\t\t<div class=\"elementor-element elementor-element-aa84f87 elementor-widget elementor-widget-heading\" data-id=\"aa84f87\" data-element_type=\"widget\" data-widget_type=\"heading.default\">\n\t\t\t\t<div class=\"elementor-widget-container\">\n\t\t\t<h2 class=\"elementor-heading-title elementor-size-default\">O PROJETO\n<\/h2>\t\t<\/div>\n\t\t\t\t<\/div>\n\t\t\t\t<div class=\"elementor-element elementor-element-c04f3e9 elementor-widget elementor-widget-heading\" data-id=\"c04f3e9\" data-element_type=\"widget\" data-widget_type=\"heading.default\">\n\t\t\t\t<div class=\"elementor-widget-container\">\n\t\t\t<h2 class=\"elementor-heading-title elementor-size-default\">Conhe\u00e7a o ARBOCONTROL\n<\/h2>\t\t<\/div>\n\t\t\t\t<\/div>\n\t\t\t\t<div class=\"elementor-element elementor-element-d6346ea elementor-widget elementor-widget-image\" data-id=\"d6346ea\" data-element_type=\"widget\" data-widget_type=\"image.default\">\n\t\t\t\t<div class=\"elementor-widget-container\">\n\t\t\t\t\t\t\t\t\t\t\t\t\t\t\t<img width=\"770\" height=\"309\" src=\"https:\/\/arbocontrol.unb.br\/wp-content\/uploads\/2020\/05\/bg_arbocontrol.jpg\" class=\"attachment-large size-large\" alt=\"\" loading=\"lazy\" srcset=\"https:\/\/arbocontrol.unb.br\/wp-content\/uploads\/2020\/05\/bg_arbocontrol.jpg 770w, https:\/\/arbocontrol.unb.br\/wp-content\/uploads\/2020\/05\/bg_arbocontrol-300x120.jpg 300w, https:\/\/arbocontrol.unb.br\/wp-content\/uploads\/2020\/05\/bg_arbocontrol-768x308.jpg 768w\" sizes=\"(max-width: 770px) 100vw, 770px\" \/>\t\t\t\t\t\t\t\t\t\t\t\t\t\t\t<\/div>\n\t\t\t\t<\/div>\n\t\t\t\t<div class=\"elementor-element elementor-element-fbd2d9f elementor-widget elementor-widget-text-editor\" data-id=\"fbd2d9f\" data-element_type=\"widget\" data-widget_type=\"text-editor.default\">\n\t\t\t\t<div class=\"elementor-widget-container\">\n\t\t\t\t\t\t\t\t<p><strong>Hist\u00f3ria do projeto ArboControl<\/strong><\/p><p>O controle vetorial do Aedes aegypti \u00e9 essencial para preven\u00e7\u00e3o e interrup\u00e7\u00e3o da propaga\u00e7\u00e3o da dengue, zika, chikungunya e febre amarela. A adapta\u00e7\u00e3o e prolifera\u00e7\u00e3o desse mosquito em \u00e1reas urbanas aliadas ao potencial de transmiss\u00e3o das arboviroses tem grande impacto sanit\u00e1rio no Brasil.<\/p><p>A inesperada epidemia de Zika v\u00edrus em 2015 refor\u00e7ou, paralelamente ao desenvolvimento de uma vacina e de medicamentos antivirais, a necessidade do controle do vetor. A associa\u00e7\u00e3o causal da infec\u00e7\u00e3o por Zika v\u00edrus \u00e0s microcefalias se deu a partir da comunica\u00e7\u00e3o de servidores e pesquisadores, imprescind\u00edvel para constru\u00e7\u00e3o do conhecimento e elabora\u00e7\u00e3o de medidas de preven\u00e7\u00e3o.<\/p><p>Seguindo a mesma estrat\u00e9gia, propomos mobilizar uma rede de pesquisadores nacionais e internacionais para, juntos aos \u00f3rg\u00e3os governamentais de sa\u00fade, desafiar as dificuldades do controle vetorial, desde a resist\u00eancia e residualidade \u00e0 toxicidade humana e ambiental. Iniciamos nossos esfor\u00e7os em 2016 com uma demanda do Minist\u00e9rio da Sa\u00fade para an\u00e1lise da composi\u00e7\u00e3o qu\u00edmica e atividade inseticida de produtos recebidos pelo \u00f3rg\u00e3o. Apesar da grande ang\u00fastia por conta da epidemia de zika v\u00edrus, esse trabalho forneceu dados cient\u00edficos que subsidiaram a decis\u00e3o do governo em n\u00e3o adotar esses produtos no programa nacional de controle vetorial.<\/p><p>Diante desse cen\u00e1rio, foi firmado conv\u00eanio entre o Fundo Nacional de Sa\u00fade e a Universidade de Bras\u00edlia para execu\u00e7\u00e3o das a\u00e7\u00f5es de interesse, por meio dos Termos de Execu\u00e7\u00e3o Descentralizada \u2013 TED 74\/2016 e TED 42\/2017. Assim, o presente projeto busca apresentar alternativas que sejam vi\u00e1veis, eficazes a longo prazo e ambientalmente sustent\u00e1veis para o controle de Aedes aegypti em todas suas formas de vida.<\/p>\t\t\t\t\t\t<\/div>\n\t\t\t\t<\/div>\n\t\t\t\t\t<\/div>\n\t\t<\/div>\n\t\t\t\t\t\t\t<\/div>\n\t\t<\/section>\n\t\t\t\t\t\t<\/div>\n\t\t\t\t\t<\/div>\n\t\t","protected":false},"excerpt":{"rendered":"<p>O PROJETO Conhe\u00e7a o ARBOCONTROL Hist\u00f3ria do projeto ArboControl O controle vetorial do Aedes aegypti \u00e9 essencial para preven\u00e7\u00e3o e interrup\u00e7\u00e3o da propaga\u00e7\u00e3o da dengue, zika, chikungunya e febre amarela. A adapta\u00e7\u00e3o e prolifera\u00e7\u00e3o desse mosquito em \u00e1reas urbanas aliadas ao potencial de transmiss\u00e3o das arboviroses tem grande impacto sanit\u00e1rio no Brasil. A inesperada epidemia [&hellip;]<\/p>\n","protected":false},"author":9,"featured_media":0,"parent":0,"menu_order":0,"comment_status":"closed","ping_status":"closed","template":"elementor_header_footer","meta":[],"_links":{"self":[{"href":"https:\/\/arbocontrol.unb.br\/index.php?rest_route=\/wp\/v2\/pages\/1369"}],"collection":[{"href":"https:\/\/arbocontrol.unb.br\/index.php?rest_route=\/wp\/v2\/pages"}],"about":[{"href":"https:\/\/arbocontrol.unb.br\/index.php?rest_route=\/wp\/v2\/types\/page"}],"author":[{"embeddable":true,"href":"https:\/\/arbocontrol.unb.br\/index.php?rest_route=\/wp\/v2\/users\/9"}],"replies":[{"embeddable":true,"href":"https:\/\/arbocontrol.unb.br\/index.php?rest_route=%2Fwp%2Fv2%2Fcomments&post=1369"}],"version-history":[{"count":7,"href":"https:\/\/arbocontrol.unb.br\/index.php?rest_route=\/wp\/v2\/pages\/1369\/revisions"}],"predecessor-version":[{"id":1376,"href":"https:\/\/arbocontrol.unb.br\/index.php?rest_route=\/wp\/v2\/pages\/1369\/revisions\/1376"}],"wp:attachment":[{"href":"https:\/\/arbocontrol.unb.br\/index.php?rest_route=%2Fwp%2Fv2%2Fmedia&parent=1369"}],"curies":[{"name":"wp","href":"https:\/\/api.w.org\/{rel}","templated":true}]}}