

 {"id":1377,"date":"2021-06-23T18:49:35","date_gmt":"2021-06-23T18:49:35","guid":{"rendered":"https:\/\/arbocontrol.unb.br\/?page_id=1377"},"modified":"2021-10-07T21:39:10","modified_gmt":"2021-10-07T21:39:10","slug":"coordenacao","status":"publish","type":"page","link":"https:\/\/arbocontrol.unb.br\/?page_id=1377","title":{"rendered":"Coordena\u00e7\u00e3o"},"content":{"rendered":"\t\t<div data-elementor-type=\"wp-page\" data-elementor-id=\"1377\" class=\"elementor elementor-1377\" data-elementor-settings=\"[]\">\n\t\t\t\t\t\t\t<div class=\"elementor-section-wrap\">\n\t\t\t\t\t\t\t<section class=\"elementor-section elementor-top-section elementor-element elementor-element-2c462d7 elementor-section-boxed elementor-section-height-default elementor-section-height-default\" data-id=\"2c462d7\" data-element_type=\"section\">\n\t\t\t\t\t\t<div class=\"elementor-container elementor-column-gap-default\">\n\t\t\t\t\t<div class=\"elementor-column elementor-col-100 elementor-top-column elementor-element elementor-element-be77099\" data-id=\"be77099\" data-element_type=\"column\">\n\t\t\t<div class=\"elementor-widget-wrap elementor-element-populated\">\n\t\t\t\t\t\t\t\t<div class=\"elementor-element elementor-element-fbd2d9f elementor-widget elementor-widget-text-editor\" data-id=\"fbd2d9f\" data-element_type=\"widget\" data-widget_type=\"text-editor.default\">\n\t\t\t\t<div class=\"elementor-widget-container\">\n\t\t\t\t\t\t\t\t<p><strong>Coordena\u00e7\u00e3o Geral<\/strong><br \/>Profa. Dra. Maria F\u00e1tima de Sousa<br \/>Departamento de Sa\u00fade Coletiva e NESP, Faculdade de Ci\u00eancias da Sa\u00fade, Universidade de Bras\u00edlia<\/p><p><strong>Pesquisa para o Controle de Vetor<\/strong><br \/>Profa. Dra. Laila Salmen Espindola<br \/>Laborat\u00f3rio de Farmacognosia, Departamento de Farm\u00e1cia, Faculdade de Ci\u00eancias da Sa\u00fade, Universidade de Bras\u00edlia<\/p><p><strong>Novas Tecnologias em Sa\u00fade<\/strong><br \/>Prof. Dr. Jonas Lotufo Brant de Carvalho<br \/>Departamento de Sa\u00fade Coletiva, Faculdade de Ci\u00eancias da Sa\u00fade, Universidade de Bras\u00edlia<\/p><p><strong>Educa\u00e7\u00e3o, Informa\u00e7\u00e3o e Comunica\u00e7\u00e3o para o Controle do Vetor<\/strong><br \/>Profa. Dra. Ana Val\u00e9ria Machado Mendon\u00e7a<br \/>Departamento de Sa\u00fade Coletiva e NESP, Faculdade de Ci\u00eancias da Sa\u00fade, Universidade de Bras\u00edlia<\/p><p><strong>Forma\u00e7\u00e3o e Capacita\u00e7\u00e3o Profissional<\/strong><br \/>Profa. Dra. Ana Val\u00e9ria Machado Mendon\u00e7a\u00a0 \u00a0 \u00a0 \u00a0 \u00a0 \u00a0 \u00a0 \u00a0 \u00a0 \u00a0 \u00a0 \u00a0 \u00a0 \u00a0 \u00a0 \u00a0 \u00a0 \u00a0 \u00a0 \u00a0 \u00a0 \u00a0 \u00a0 \u00a0 \u00a0 \u00a0 \u00a0 \u00a0 \u00a0 \u00a0 \u00a0 \u00a0 \u00a0 \u00a0 \u00a0 \u00a0 \u00a0 \u00a0 \u00a0 \u00a0 \u00a0 \u00a0 \u00a0 \u00a0 \u00a0 \u00a0 \u00a0 \u00a0 \u00a0 \u00a0 \u00a0 \u00a0 \u00a0 Profa. Dra. Fl\u00e1via Reis de Andrade\u00a0 \u00a0 \u00a0 \u00a0 \u00a0 \u00a0 \u00a0 \u00a0 \u00a0 \u00a0 \u00a0 \u00a0 \u00a0 \u00a0 \u00a0 \u00a0 \u00a0 \u00a0 \u00a0 \u00a0 \u00a0 \u00a0 \u00a0 \u00a0 \u00a0 \u00a0 \u00a0 \u00a0 \u00a0 \u00a0 \u00a0 \u00a0 \u00a0 \u00a0 \u00a0 \u00a0 \u00a0 \u00a0 \u00a0 \u00a0 \u00a0 \u00a0 \u00a0 \u00a0 \u00a0 \u00a0 \u00a0 \u00a0 \u00a0 \u00a0 \u00a0 \u00a0 \u00a0 \u00a0 \u00a0 \u00a0 \u00a0 \u00a0 \u00a0 \u00a0 \u00a0 \u00a0 \u00a0 \u00a0 \u00a0 \u00a0 Prof. Dr. Marcos Takashi Obara<br \/>Profa. Dra. Maria F\u00e1tima de Sousa<br \/>Prof. Dr. Jonas Lotufo Brant de Carvalho<br \/>Profa. Dra. Laila Salmen Espindola<\/p>\t\t\t\t\t\t<\/div>\n\t\t\t\t<\/div>\n\t\t\t\t\t<\/div>\n\t\t<\/div>\n\t\t\t\t\t\t\t<\/div>\n\t\t<\/section>\n\t\t\t\t\t\t<\/div>\n\t\t\t\t\t<\/div>\n\t\t","protected":false},"excerpt":{"rendered":"<p>Coordena\u00e7\u00e3o GeralProfa. Dra. Maria F\u00e1tima de SousaDepartamento de Sa\u00fade Coletiva e NESP, Faculdade de Ci\u00eancias da Sa\u00fade, Universidade de Bras\u00edlia Pesquisa para o Controle de VetorProfa. Dra. Laila Salmen EspindolaLaborat\u00f3rio de Farmacognosia, Departamento de Farm\u00e1cia, Faculdade de Ci\u00eancias da Sa\u00fade, Universidade de Bras\u00edlia Novas Tecnologias em Sa\u00fadeProf. Dr. Jonas Lotufo Brant de CarvalhoDepartamento de Sa\u00fade [&hellip;]<\/p>\n","protected":false},"author":9,"featured_media":0,"parent":0,"menu_order":0,"comment_status":"closed","ping_status":"closed","template":"elementor_header_footer","meta":[],"_links":{"self":[{"href":"https:\/\/arbocontrol.unb.br\/index.php?rest_route=\/wp\/v2\/pages\/1377"}],"collection":[{"href":"https:\/\/arbocontrol.unb.br\/index.php?rest_route=\/wp\/v2\/pages"}],"about":[{"href":"https:\/\/arbocontrol.unb.br\/index.php?rest_route=\/wp\/v2\/types\/page"}],"author":[{"embeddable":true,"href":"https:\/\/arbocontrol.unb.br\/index.php?rest_route=\/wp\/v2\/users\/9"}],"replies":[{"embeddable":true,"href":"https:\/\/arbocontrol.unb.br\/index.php?rest_route=%2Fwp%2Fv2%2Fcomments&post=1377"}],"version-history":[{"count":7,"href":"https:\/\/arbocontrol.unb.br\/index.php?rest_route=\/wp\/v2\/pages\/1377\/revisions"}],"predecessor-version":[{"id":1595,"href":"https:\/\/arbocontrol.unb.br\/index.php?rest_route=\/wp\/v2\/pages\/1377\/revisions\/1595"}],"wp:attachment":[{"href":"https:\/\/arbocontrol.unb.br\/index.php?rest_route=%2Fwp%2Fv2%2Fmedia&parent=1377"}],"curies":[{"name":"wp","href":"https:\/\/api.w.org\/{rel}","templated":true}]}}