

 {"id":1382,"date":"2021-06-23T18:51:13","date_gmt":"2021-06-23T18:51:13","guid":{"rendered":"https:\/\/arbocontrol.unb.br\/?page_id=1382"},"modified":"2021-06-23T19:03:41","modified_gmt":"2021-06-23T19:03:41","slug":"objetivos-3","status":"publish","type":"page","link":"https:\/\/arbocontrol.unb.br\/?page_id=1382","title":{"rendered":"Objetivos"},"content":{"rendered":"\t\t<div data-elementor-type=\"wp-page\" data-elementor-id=\"1382\" class=\"elementor elementor-1382\" data-elementor-settings=\"[]\">\n\t\t\t\t\t\t\t<div class=\"elementor-section-wrap\">\n\t\t\t\t\t\t\t<section class=\"elementor-section elementor-top-section elementor-element elementor-element-2c462d7 elementor-section-boxed elementor-section-height-default elementor-section-height-default\" data-id=\"2c462d7\" data-element_type=\"section\">\n\t\t\t\t\t\t<div class=\"elementor-container elementor-column-gap-default\">\n\t\t\t\t\t<div class=\"elementor-column elementor-col-100 elementor-top-column elementor-element elementor-element-be77099\" data-id=\"be77099\" data-element_type=\"column\">\n\t\t\t<div class=\"elementor-widget-wrap elementor-element-populated\">\n\t\t\t\t\t\t\t\t<div class=\"elementor-element elementor-element-32e7805 elementor-widget elementor-widget-heading\" data-id=\"32e7805\" data-element_type=\"widget\" data-widget_type=\"heading.default\">\n\t\t\t\t<div class=\"elementor-widget-container\">\n\t\t\t<h2 class=\"elementor-heading-title elementor-size-default\">Objetivo Geral<\/h2>\t\t<\/div>\n\t\t\t\t<\/div>\n\t\t\t\t<div class=\"elementor-element elementor-element-fbd2d9f elementor-widget elementor-widget-text-editor\" data-id=\"fbd2d9f\" data-element_type=\"widget\" data-widget_type=\"text-editor.default\">\n\t\t\t\t<div class=\"elementor-widget-container\">\n\t\t\t\t\t\t\t\t<p>Contribuir com o programa nacional de controle do vetor Aedes aegypti e das arboviroses atrav\u00e9s das seguintes a\u00e7\u00f5es: estabelecer o ensino ArboControl &#8211; forma\u00e7\u00e3o e capacita\u00e7\u00e3o profissional, prospectar subst\u00e2ncias comerciais e da biodiversidade do Brasil e do mundo, visando o desenvolvimento tecnol\u00f3gico de novos produtos para o controle de formas imaturas (ovo, larva e pupa) e adulta do vetor nos diferentes modelos de investiga\u00e7\u00e3o ArboControl; usar t\u00e9cnicas de \u201cconfus\u00e3o sexual\u201d; estabelecer formula\u00e7\u00f5es repelentes de ambiente; elaborar diagn\u00f3stico dos sistemas de informa\u00e7\u00f5es de entomol\u00f3gicas, ambientais, epidemiol\u00f3gicos e assistenciais dispon\u00edveis no Minist\u00e9rio da Sa\u00fade; identificar evid\u00eancias dispon\u00edveis para avalia\u00e7\u00e3o de sistemas de informa\u00e7\u00e3o (SIS), identifica\u00e7\u00e3o de dados a serem coletados para integra\u00e7\u00e3o dos sistemas de informa\u00e7\u00e3o entomol\u00f3gicas, ambientais, epidemiol\u00f3gicos e assistenciais, defini\u00e7\u00e3o de aplicativos e BI; desenvolver m\u00f3dulo de vigil\u00e2ncia vetorial para Zika, Dengue, Chikungunya elaborado para compor Sistema Nacional de Controle Vetorial, inicialmente para Mal\u00e1ria, j\u00e1 existente; desenvolvimento de aplicativo para uso em campo, visando a alimenta\u00e7\u00e3o do m\u00f3dulo de SIS de vigil\u00e2ncia vetorial para Zika, Dengue, Chikungunya; e integra\u00e7\u00e3o das informa\u00e7\u00f5es epidemiol\u00f3gicas, assistenciais, ambientais e entomol\u00f3gicas para subsidiar a tomada de decis\u00f5es nas tr\u00eas esferas de governo utilizando o conceito de Business Intelligence (BI); implementar a\u00e7\u00f5es avaliativas quanto \u00e0 efetividade das campanhas e a\u00e7\u00f5es de educa\u00e7\u00e3o, informa\u00e7\u00e3o e comunica\u00e7\u00e3o, produzidas pelo Minist\u00e9rio da Sa\u00fade, e a tradu\u00e7\u00e3o do conhecimento sustent\u00e1vel e apropriado pela popula\u00e7\u00e3o, para ampliar e potencializar as a\u00e7\u00f5es de comunica\u00e7\u00e3o no \u00e2mbito da gest\u00e3o do Sistema \u00danico de Sa\u00fade\/SUS; e ofertar cursos de forma\u00e7\u00e3o e capacita\u00e7\u00e3o profissional para preven\u00e7\u00e3o e controle de vetores.<\/p>\t\t\t\t\t\t<\/div>\n\t\t\t\t<\/div>\n\t\t\t\t<div class=\"elementor-element elementor-element-2933f81 elementor-widget elementor-widget-heading\" data-id=\"2933f81\" data-element_type=\"widget\" data-widget_type=\"heading.default\">\n\t\t\t\t<div class=\"elementor-widget-container\">\n\t\t\t<h2 class=\"elementor-heading-title elementor-size-default\">Objetivos Espec\u00edficos<\/h2>\t\t<\/div>\n\t\t\t\t<\/div>\n\t\t\t\t<div class=\"elementor-element elementor-element-b552f0e elementor-widget elementor-widget-text-editor\" data-id=\"b552f0e\" data-element_type=\"widget\" data-widget_type=\"text-editor.default\">\n\t\t\t\t<div class=\"elementor-widget-container\">\n\t\t\t\t\t\t\t\t<p>&#8211; Estabelecer o ensino ArboControl &#8211; forma\u00e7\u00e3o e capacita\u00e7\u00e3o profissional;<\/p><p>&#8211; Prospectar subst\u00e2ncias comerciais e da biodiversidade do Brasil e do mundo em formas imaturas (ovo, larva e pupa) e adulta de Aedes aegypti, nos diferentes modelos de investiga\u00e7\u00e3o ArboControl;<\/p><p>&#8211; Testar extratos de plantas, de microrganismos endof\u00edticos e de animais e microrganismos marinhos de biomas do Brasil e do mundo, em formas imaturas (ovo, larva e pupa) e adulta de Aedes aegypti, nos diferentes modelos de investiga\u00e7\u00e3o ArboControl;<\/p><p>&#8211; Realizar o pr\u00e9-fracionamento por SPE-diol de 10 extratos selecionados ativos;<\/p><p>&#8211; Isolar subst\u00e2ncias por t\u00e9cnicas de cromatografia (Sephadex LH-20, s\u00edlica, HPLC);<\/p><p>&#8211; Elucidar as estruturas moleculares isoladas;<\/p><p>&#8211; Determinar a concentra\u00e7\u00e3o letal, CL50 de extratos selecionados e das subst\u00e2ncias em formas imaturas (ovo, larva e pupa) e adulta de Ae. Aegypti;<\/p><p>&#8211; Realizar a nanoencapsula\u00e7\u00e3o das subst\u00e2ncias comerciais e\/ou da biodiversidade selecionadas (atividade e perfil qu\u00edmico adequado);<\/p><p>&#8211; Desenvolver formula\u00e7\u00f5es ovicida, larvicida, pupicida, adulticida e repelente de ambiente;<\/p><p>&#8211; Buscar um poss\u00edvel ferom\u00f4nio, por meio do estudo de bouquet de odor de adulto f\u00eamea Aedes;<\/p><p>&#8211; Utilizar um eventual ferom\u00f4nio f\u00eamea no ambiente, como ferramenta de \u201cconfus\u00e3o sexual\u201d;<\/p><p>&#8211; Realizar testes em condi\u00e7\u00f5es de campo, com as subst\u00e2ncias ovicida, larvicida, pupicida e adulticida;<\/p><p>&#8211; Estabelecer o projeto ArboControl em diferentes mun\u00edcipios: (i) regi\u00e3o leste do Distrito Federal &#8211; Parano\u00e1, Itapo\u00e3 e S\u00e3o Sebasti\u00e3o; (ii) Regi\u00e3o Integrada de Desenvolvimento do Distrito Federal e Entorno (RIDE); (iii) 3 mun\u00edcipios de cada uma das 5 regi\u00f5es do Brasil;<\/p><p>&#8211; Avaliar as formula\u00e7\u00f5es segundo normas Anvisa e WHOPES;<\/p><p>&#8211; Realizar os dep\u00f3sitos de pedido de patentes;<\/p><p>&#8211; Transferir as formula\u00e7\u00f5es para o setor empresarial;<\/p><p>&#8211; Elaborar revis\u00e3o sistem\u00e1tica sobre atributos de SIS epidemiol\u00f3gica, assistencial, ambiental e entomol\u00f3gica e seus indicadores segundo metodologia do Cochrane Database of Systematic Reviews (CDSR);<\/p><p>&#8211; Analisar os sistemas de informa\u00e7\u00f5es SISPNCD, SIM-PR, LIRAa, SINAN, SIS-Mal\u00e1ria, e-SUS AB para realizar o diagn\u00f3stico dos SIS considerando Updated Guidelines for Evaluating Public Health Surveillance Systems e defini\u00e7\u00e3o de atributos;<\/p><p>&#8211; Desenvolver M\u00f3dulo de vigil\u00e2ncia vetorial para Zika, Dengue, Chikungunya para compor Sistema Nacional de Controle Vetorial, inicialmente para Mal\u00e1ria j\u00e1 existente no MS;<\/p><p>&#8211; Desenvolver aplicativos de campo para coleta, monitoramento, an\u00e1lise dos dados para epidemiol\u00f3gicas, assistenciais, ambientais e entomol\u00f3gicas, online e off-line;<\/p><p>&#8211; Realizar piloto para SIS de Controle Vetorial Zika, Dengue, Chikungunya, Mal\u00e1ria e aplicativo de campo em 1 munic\u00edpio com popula\u00e7\u00e3o acima de 100.000 mil habitantes e com grande incid\u00eancia de casos registrados para as arboviroses;<\/p><p>&#8211; Definir e elaborar o rol de relat\u00f3rios a partir dos indicadores epidemiol\u00f3gicas, assistenciais, ambientais e entomol\u00f3gicas e operacionais a serem disponibilizados aos usu\u00e1rios e gestores;<\/p><p>&#8211; Desenvolver e implementar aplica\u00e7\u00e3o baseada no conceito de BI para integra\u00e7\u00e3o de sistemas e informa\u00e7\u00f5es sobre arboviroses;<\/p><p>&#8211; Realizar oficinas de produ\u00e7\u00e3o de conte\u00fado, em munic\u00edpios das cinco regi\u00f5es brasileiras, com maior incid\u00eancia das arboviroses dengue, zika e chikungunya para tradu\u00e7\u00e3o do conhecimento \u00e0 popula\u00e7\u00e3o de risco, visando a sustentabilidade das campanhas e a\u00e7\u00f5es de educa\u00e7\u00e3o, informa\u00e7\u00e3o e comunica\u00e7\u00e3o, produzidas pelo Minist\u00e9rio da Sa\u00fade;<\/p><p>&#8211; Identificar pr\u00e1ticas exitosas de gest\u00e3o e uso do conhecimento da popula\u00e7\u00e3o no controle do vetor Aedes aegypti e as arboviroses dengue, zika e chikungunya<\/p><p>&#8211; Criar ambiente virtual para compartilhar os resultados do projeto junto aos gestores, profissionais, pesquisadores, estudantes e a popula\u00e7\u00e3o em geral;<\/p><p>&#8211; Implementar um reposit\u00f3rio virtual do projeto ArboControl;<\/p><p>&#8211; Ofertar cursos de p\u00f3s-gradua\u00e7\u00e3o latu senso e stricto sensu para forma\u00e7\u00e3o de profissionais na preven\u00e7\u00e3o e controle de vetores.<\/p>\t\t\t\t\t\t<\/div>\n\t\t\t\t<\/div>\n\t\t\t\t\t<\/div>\n\t\t<\/div>\n\t\t\t\t\t\t\t<\/div>\n\t\t<\/section>\n\t\t\t\t\t\t<\/div>\n\t\t\t\t\t<\/div>\n\t\t","protected":false},"excerpt":{"rendered":"<p>Objetivo Geral Contribuir com o programa nacional de controle do vetor Aedes aegypti e das arboviroses atrav\u00e9s das seguintes a\u00e7\u00f5es: estabelecer o ensino ArboControl &#8211; forma\u00e7\u00e3o e capacita\u00e7\u00e3o profissional, prospectar subst\u00e2ncias comerciais e da biodiversidade do Brasil e do mundo, visando o desenvolvimento tecnol\u00f3gico de novos produtos para o controle de formas imaturas (ovo, larva [&hellip;]<\/p>\n","protected":false},"author":9,"featured_media":0,"parent":0,"menu_order":0,"comment_status":"closed","ping_status":"closed","template":"elementor_header_footer","meta":[],"_links":{"self":[{"href":"https:\/\/arbocontrol.unb.br\/index.php?rest_route=\/wp\/v2\/pages\/1382"}],"collection":[{"href":"https:\/\/arbocontrol.unb.br\/index.php?rest_route=\/wp\/v2\/pages"}],"about":[{"href":"https:\/\/arbocontrol.unb.br\/index.php?rest_route=\/wp\/v2\/types\/page"}],"author":[{"embeddable":true,"href":"https:\/\/arbocontrol.unb.br\/index.php?rest_route=\/wp\/v2\/users\/9"}],"replies":[{"embeddable":true,"href":"https:\/\/arbocontrol.unb.br\/index.php?rest_route=%2Fwp%2Fv2%2Fcomments&post=1382"}],"version-history":[{"count":4,"href":"https:\/\/arbocontrol.unb.br\/index.php?rest_route=\/wp\/v2\/pages\/1382\/revisions"}],"predecessor-version":[{"id":1387,"href":"https:\/\/arbocontrol.unb.br\/index.php?rest_route=\/wp\/v2\/pages\/1382\/revisions\/1387"}],"wp:attachment":[{"href":"https:\/\/arbocontrol.unb.br\/index.php?rest_route=%2Fwp%2Fv2%2Fmedia&parent=1382"}],"curies":[{"name":"wp","href":"https:\/\/api.w.org\/{rel}","templated":true}]}}