

 {"id":1407,"date":"2021-06-23T21:11:43","date_gmt":"2021-06-23T21:11:43","guid":{"rendered":"https:\/\/arbocontrol.unb.br\/?page_id=1407"},"modified":"2021-09-06T19:37:24","modified_gmt":"2021-09-06T19:37:24","slug":"mestrado-profissional","status":"publish","type":"page","link":"https:\/\/arbocontrol.unb.br\/?page_id=1407","title":{"rendered":"Mestrado Profissional"},"content":{"rendered":"\t\t<div data-elementor-type=\"wp-page\" data-elementor-id=\"1407\" class=\"elementor elementor-1407\" data-elementor-settings=\"[]\">\n\t\t\t\t\t\t\t<div class=\"elementor-section-wrap\">\n\t\t\t\t\t\t\t<section class=\"elementor-section elementor-top-section elementor-element elementor-element-2c462d7 elementor-section-boxed elementor-section-height-default elementor-section-height-default\" data-id=\"2c462d7\" data-element_type=\"section\">\n\t\t\t\t\t\t<div class=\"elementor-container elementor-column-gap-default\">\n\t\t\t\t\t<div class=\"elementor-column elementor-col-100 elementor-top-column elementor-element elementor-element-be77099\" data-id=\"be77099\" data-element_type=\"column\">\n\t\t\t<div class=\"elementor-widget-wrap elementor-element-populated\">\n\t\t\t\t\t\t\t\t<div class=\"elementor-element elementor-element-aa84f87 elementor-widget elementor-widget-heading\" data-id=\"aa84f87\" data-element_type=\"widget\" data-widget_type=\"heading.default\">\n\t\t\t\t<div class=\"elementor-widget-container\">\n\t\t\t<h2 class=\"elementor-heading-title elementor-size-default\">Mestrado Profissional<\/h2>\t\t<\/div>\n\t\t\t\t<\/div>\n\t\t\t\t<div class=\"elementor-element elementor-element-fbd2d9f elementor-widget elementor-widget-text-editor\" data-id=\"fbd2d9f\" data-element_type=\"widget\" data-widget_type=\"text-editor.default\">\n\t\t\t\t<div class=\"elementor-widget-container\">\n\t\t\t\t\t\t\t\t<p><strong>Sa\u00fade Coletiva<\/strong><\/p><p>Foram oferecidas 22 (vinte e duas) vagas para candidatos residentes no pa\u00eds, distribu\u00eddas em quatro linhas de pesquisas. As inscri\u00e7\u00f5es para o processo seletivo foram efetuadas pessoalmente pelo interessado, ou por procurador devidamente constitu\u00eddo, em outubro de 2016 uma vez que o curso teve in\u00edcio em 2017.<\/p><p>Dos 70 candidatos inscritos no processo de sele\u00e7\u00e3o, foram homologadas 59 inscri\u00e7\u00f5es. Da prova escrita, a primeira etapa da sele\u00e7\u00e3o, eliminat\u00f3ria e classificat\u00f3ria, 27 obtiveram pontua\u00e7\u00e3o m\u00ednima exigida e 32 foram eliminados. A segunda etapa da sele\u00e7\u00e3o, avalia\u00e7\u00e3o do anteprojeto de pesquisa (eliminat\u00f3ria e classificat\u00f3ria) e avalia\u00e7\u00e3o do Curr\u00edculo Lattes (classificat\u00f3ria), participaram 27 candidatos, onde 21 obtiveram a pontua\u00e7\u00e3o exigida. Destes todos j\u00e1 defenderam suas disserta\u00e7\u00f5es.<\/p><p>\u00a0<\/p>\t\t\t\t\t\t<\/div>\n\t\t\t\t<\/div>\n\t\t\t\t\t<\/div>\n\t\t<\/div>\n\t\t\t\t\t\t\t<\/div>\n\t\t<\/section>\n\t\t\t\t\t\t<\/div>\n\t\t\t\t\t<\/div>\n\t\t","protected":false},"excerpt":{"rendered":"<p>Mestrado Profissional Sa\u00fade Coletiva Foram oferecidas 22 (vinte e duas) vagas para candidatos residentes no pa\u00eds, distribu\u00eddas em quatro linhas de pesquisas. As inscri\u00e7\u00f5es para o processo seletivo foram efetuadas pessoalmente pelo interessado, ou por procurador devidamente constitu\u00eddo, em outubro de 2016 uma vez que o curso teve in\u00edcio em 2017. Dos 70 candidatos inscritos [&hellip;]<\/p>\n","protected":false},"author":9,"featured_media":0,"parent":0,"menu_order":0,"comment_status":"closed","ping_status":"closed","template":"elementor_header_footer","meta":[],"_links":{"self":[{"href":"https:\/\/arbocontrol.unb.br\/index.php?rest_route=\/wp\/v2\/pages\/1407"}],"collection":[{"href":"https:\/\/arbocontrol.unb.br\/index.php?rest_route=\/wp\/v2\/pages"}],"about":[{"href":"https:\/\/arbocontrol.unb.br\/index.php?rest_route=\/wp\/v2\/types\/page"}],"author":[{"embeddable":true,"href":"https:\/\/arbocontrol.unb.br\/index.php?rest_route=\/wp\/v2\/users\/9"}],"replies":[{"embeddable":true,"href":"https:\/\/arbocontrol.unb.br\/index.php?rest_route=%2Fwp%2Fv2%2Fcomments&post=1407"}],"version-history":[{"count":10,"href":"https:\/\/arbocontrol.unb.br\/index.php?rest_route=\/wp\/v2\/pages\/1407\/revisions"}],"predecessor-version":[{"id":1483,"href":"https:\/\/arbocontrol.unb.br\/index.php?rest_route=\/wp\/v2\/pages\/1407\/revisions\/1483"}],"wp:attachment":[{"href":"https:\/\/arbocontrol.unb.br\/index.php?rest_route=%2Fwp%2Fv2%2Fmedia&parent=1407"}],"curies":[{"name":"wp","href":"https:\/\/api.w.org\/{rel}","templated":true}]}}