

 {"id":1420,"date":"2021-06-23T21:19:40","date_gmt":"2021-06-23T21:19:40","guid":{"rendered":"https:\/\/arbocontrol.unb.br\/?page_id=1420"},"modified":"2021-06-23T21:20:44","modified_gmt":"2021-06-23T21:20:44","slug":"especializacao","status":"publish","type":"page","link":"https:\/\/arbocontrol.unb.br\/?page_id=1420","title":{"rendered":"Especializa\u00e7\u00e3o"},"content":{"rendered":"\t\t<div data-elementor-type=\"wp-page\" data-elementor-id=\"1420\" class=\"elementor elementor-1420\" data-elementor-settings=\"[]\">\n\t\t\t\t\t\t\t<div class=\"elementor-section-wrap\">\n\t\t\t\t\t\t\t<section class=\"elementor-section elementor-top-section elementor-element elementor-element-2c462d7 elementor-section-boxed elementor-section-height-default elementor-section-height-default\" data-id=\"2c462d7\" data-element_type=\"section\">\n\t\t\t\t\t\t<div class=\"elementor-container elementor-column-gap-default\">\n\t\t\t\t\t<div class=\"elementor-column elementor-col-100 elementor-top-column elementor-element elementor-element-be77099\" data-id=\"be77099\" data-element_type=\"column\">\n\t\t\t<div class=\"elementor-widget-wrap elementor-element-populated\">\n\t\t\t\t\t\t\t\t<div class=\"elementor-element elementor-element-aa84f87 elementor-widget elementor-widget-heading\" data-id=\"aa84f87\" data-element_type=\"widget\" data-widget_type=\"heading.default\">\n\t\t\t\t<div class=\"elementor-widget-container\">\n\t\t\t<h2 class=\"elementor-heading-title elementor-size-default\">Especializa\u00e7\u00e3o <\/h2>\t\t<\/div>\n\t\t\t\t<\/div>\n\t\t\t\t<div class=\"elementor-element elementor-element-fbd2d9f elementor-widget elementor-widget-text-editor\" data-id=\"fbd2d9f\" data-element_type=\"widget\" data-widget_type=\"text-editor.default\">\n\t\t\t\t<div class=\"elementor-widget-container\">\n\t\t\t\t\t\t\t\t<p>Atualmente, observa-se a cont\u00ednua e elevada ocorr\u00eancia de casos de doen\u00e7as transmitidas por insetos vetores, tais como dengue, Zika, chikungunya, febre amarela, doen\u00e7a de Chagas, leishmanioses, dentre outras. Novas doen\u00e7as poder\u00e3o surgir, na qual seus agentes etiol\u00f3gicos ser\u00e3o transmitidos por novas esp\u00e9cies ou por esp\u00e9cies que j\u00e1 desempenham um importante papel na rela\u00e7\u00e3o homem-vetor. Por isso precisamos estar preparados!<\/p><p>Diante deste cen\u00e1rio, a Universidade de Bras\u00edlia, representada pelos Programas de P\u00f3s-Gradua\u00e7\u00e3o em Sa\u00fade Coletiva \u2013 Mestrado Profissional (PPGSC-MP) e Medicina Tropical (PPGMT) criou os cursos de Especializa\u00e7\u00e3o Lato Sensu em Entomologia M\u00e9dica e Epidemiologia para Vigil\u00e2ncia e controle do <em>Aedes aegypt<\/em> e de arboviroses, destinados para profissionais que atuam direta e\/ou indiretamente na \u00e1rea de ecologia, taxonomia, controle e vigil\u00e2ncia de doen\u00e7as transmitidas por insetos vetores e ainda, com forma\u00e7\u00e3o nuclear biol\u00f3gica e n\u00e3o biol\u00f3gica, preferencialmente vinculados a servi\u00e7os de sa\u00fade, de modo a oportunizar a qualifica\u00e7\u00e3o dos trabalhadores em sa\u00fade na \u00e1rea de Epidemiologia.<\/p>\t\t\t\t\t\t<\/div>\n\t\t\t\t<\/div>\n\t\t\t\t\t<\/div>\n\t\t<\/div>\n\t\t\t\t\t\t\t<\/div>\n\t\t<\/section>\n\t\t\t\t\t\t<\/div>\n\t\t\t\t\t<\/div>\n\t\t","protected":false},"excerpt":{"rendered":"<p>Especializa\u00e7\u00e3o Atualmente, observa-se a cont\u00ednua e elevada ocorr\u00eancia de casos de doen\u00e7as transmitidas por insetos vetores, tais como dengue, Zika, chikungunya, febre amarela, doen\u00e7a de Chagas, leishmanioses, dentre outras. Novas doen\u00e7as poder\u00e3o surgir, na qual seus agentes etiol\u00f3gicos ser\u00e3o transmitidos por novas esp\u00e9cies ou por esp\u00e9cies que j\u00e1 desempenham um importante papel na rela\u00e7\u00e3o homem-vetor. [&hellip;]<\/p>\n","protected":false},"author":9,"featured_media":0,"parent":0,"menu_order":0,"comment_status":"closed","ping_status":"closed","template":"elementor_header_footer","meta":[],"_links":{"self":[{"href":"https:\/\/arbocontrol.unb.br\/index.php?rest_route=\/wp\/v2\/pages\/1420"}],"collection":[{"href":"https:\/\/arbocontrol.unb.br\/index.php?rest_route=\/wp\/v2\/pages"}],"about":[{"href":"https:\/\/arbocontrol.unb.br\/index.php?rest_route=\/wp\/v2\/types\/page"}],"author":[{"embeddable":true,"href":"https:\/\/arbocontrol.unb.br\/index.php?rest_route=\/wp\/v2\/users\/9"}],"replies":[{"embeddable":true,"href":"https:\/\/arbocontrol.unb.br\/index.php?rest_route=%2Fwp%2Fv2%2Fcomments&post=1420"}],"version-history":[{"count":4,"href":"https:\/\/arbocontrol.unb.br\/index.php?rest_route=\/wp\/v2\/pages\/1420\/revisions"}],"predecessor-version":[{"id":1424,"href":"https:\/\/arbocontrol.unb.br\/index.php?rest_route=\/wp\/v2\/pages\/1420\/revisions\/1424"}],"wp:attachment":[{"href":"https:\/\/arbocontrol.unb.br\/index.php?rest_route=%2Fwp%2Fv2%2Fmedia&parent=1420"}],"curies":[{"name":"wp","href":"https:\/\/api.w.org\/{rel}","templated":true}]}}