

 {"id":1425,"date":"2021-06-23T21:21:20","date_gmt":"2021-06-23T21:21:20","guid":{"rendered":"https:\/\/arbocontrol.unb.br\/?page_id=1425"},"modified":"2021-06-23T21:26:12","modified_gmt":"2021-06-23T21:26:12","slug":"entomologia","status":"publish","type":"page","link":"https:\/\/arbocontrol.unb.br\/?page_id=1425","title":{"rendered":"Entomologia"},"content":{"rendered":"\t\t<div data-elementor-type=\"wp-page\" data-elementor-id=\"1425\" class=\"elementor elementor-1425\" data-elementor-settings=\"[]\">\n\t\t\t\t\t\t\t<div class=\"elementor-section-wrap\">\n\t\t\t\t\t\t\t<section class=\"elementor-section elementor-top-section elementor-element elementor-element-2c462d7 elementor-section-boxed elementor-section-height-default elementor-section-height-default\" data-id=\"2c462d7\" data-element_type=\"section\">\n\t\t\t\t\t\t<div class=\"elementor-container elementor-column-gap-default\">\n\t\t\t\t\t<div class=\"elementor-column elementor-col-100 elementor-top-column elementor-element elementor-element-be77099\" data-id=\"be77099\" data-element_type=\"column\">\n\t\t\t<div class=\"elementor-widget-wrap elementor-element-populated\">\n\t\t\t\t\t\t\t\t<div class=\"elementor-element elementor-element-aa84f87 elementor-widget elementor-widget-heading\" data-id=\"aa84f87\" data-element_type=\"widget\" data-widget_type=\"heading.default\">\n\t\t\t\t<div class=\"elementor-widget-container\">\n\t\t\t<h2 class=\"elementor-heading-title elementor-size-default\">Entomologia M\u00e9dica<\/h2>\t\t<\/div>\n\t\t\t\t<\/div>\n\t\t\t\t<section class=\"elementor-section elementor-inner-section elementor-element elementor-element-b8eb7da elementor-section-boxed elementor-section-height-default elementor-section-height-default\" data-id=\"b8eb7da\" data-element_type=\"section\">\n\t\t\t\t\t\t<div class=\"elementor-container elementor-column-gap-default\">\n\t\t\t\t\t<div class=\"elementor-column elementor-col-50 elementor-inner-column elementor-element elementor-element-f96e29a\" data-id=\"f96e29a\" data-element_type=\"column\">\n\t\t\t<div class=\"elementor-widget-wrap elementor-element-populated\">\n\t\t\t\t\t\t\t\t<div class=\"elementor-element elementor-element-fa69dac elementor-widget elementor-widget-image\" data-id=\"fa69dac\" data-element_type=\"widget\" data-widget_type=\"image.default\">\n\t\t\t\t<div class=\"elementor-widget-container\">\n\t\t\t\t\t\t\t\t\t\t\t\t\t\t\t<img width=\"266\" height=\"283\" src=\"https:\/\/arbocontrol.unb.br\/wp-content\/uploads\/2021\/06\/Marcos-Takashi.jpg\" class=\"attachment-large size-large\" alt=\"\" loading=\"lazy\" \/>\t\t\t\t\t\t\t\t\t\t\t\t\t\t\t<\/div>\n\t\t\t\t<\/div>\n\t\t\t\t\t<\/div>\n\t\t<\/div>\n\t\t\t\t<div class=\"elementor-column elementor-col-50 elementor-inner-column elementor-element elementor-element-60e5164\" data-id=\"60e5164\" data-element_type=\"column\">\n\t\t\t<div class=\"elementor-widget-wrap elementor-element-populated\">\n\t\t\t\t\t\t\t\t<div class=\"elementor-element elementor-element-33f4e28 elementor-widget elementor-widget-heading\" data-id=\"33f4e28\" data-element_type=\"widget\" data-widget_type=\"heading.default\">\n\t\t\t\t<div class=\"elementor-widget-container\">\n\t\t\t<h2 class=\"elementor-heading-title elementor-size-default\">Coordena\u00e7\u00e3o:<br>Prof. Dr. Marcos Takashi Obara\n<\/h2>\t\t<\/div>\n\t\t\t\t<\/div>\n\t\t\t\t<div class=\"elementor-element elementor-element-c92b5a2 elementor-widget elementor-widget-heading\" data-id=\"c92b5a2\" data-element_type=\"widget\" data-widget_type=\"heading.default\">\n\t\t\t\t<div class=\"elementor-widget-container\">\n\t\t\t<h2 class=\"elementor-heading-title elementor-size-default\"><a href=\"http:\/\/lattes.cnpq.br\/5316145163221169\" target=\"_blank\">Lattes<\/a><\/h2>\t\t<\/div>\n\t\t\t\t<\/div>\n\t\t\t\t\t<\/div>\n\t\t<\/div>\n\t\t\t\t\t\t\t<\/div>\n\t\t<\/section>\n\t\t\t\t<div class=\"elementor-element elementor-element-fbd2d9f elementor-widget elementor-widget-text-editor\" data-id=\"fbd2d9f\" data-element_type=\"widget\" data-widget_type=\"text-editor.default\">\n\t\t\t\t<div class=\"elementor-widget-container\">\n\t\t\t\t\t\t\t\t<p>O curso de Especializa\u00e7\u00e3o em Entomologia M\u00e9dica tem carga hor\u00e1ria de 360 horas na modalidade presencial e semipresencial a serem cumpridas em 12 meses. Nele, o(a) estudante ir\u00e1 apreender os fundamentos da entomologia geral e m\u00e9dica, identifica\u00e7\u00e3o taxon\u00f4mica das principais esp\u00e9cies de mosquitos, flebotom\u00edneos e triatom\u00edneos, no\u00e7\u00f5es de controle vetorial, vigil\u00e2ncia entomol\u00f3gica e biosseguran\u00e7a nas atividades de campo e laborat\u00f3rio e as principais t\u00e9cnicas de captura, transporte e armazenamento de insetos vetores.\u00a0<\/p><p>Ainda, discutir\u00e1 os aspectos da epidemiologia e controle de Zika, dengue, chikungunya, febre amarela urbana, mal\u00e1ria, filariose linf\u00e1tica, oncocercose, febre maculosa e doen\u00e7a de Lyme e outras arboviroses emergentes, tais como febre do Nilo Ocidental. Por fim, ser\u00e3o abordados tamb\u00e9m conceitos e caracter\u00edsticas da epidemiologia de campo, vigil\u00e2ncia e servi\u00e7os de sa\u00fade, investiga\u00e7\u00f5es de surto e an\u00e1lise de dados epidemiol\u00f3gicos.<\/p><p>Finalmente, o estudante desenvolver\u00e1 o Trabalho de Conclus\u00e3o de Curso (TCC) permitindo que, ao se formar, seja capacitado profissionalmente para atuar como gestores na vigil\u00e2ncia e controle de doen\u00e7as transmitidas por insetos vetores.<\/p><p>Carga hor\u00e1ria: 360 horas<\/p><p><strong>Conhe\u00e7a tamb\u00e9m:<\/strong><\/p><p><a href=\"https:\/\/fs.unb.br\/pos-graduacao\/mestrado-profissionalizante\" target=\"_blank\" rel=\"noopener\"><strong>P\u00f3s-Gradua\u00e7\u00e3o em Sa\u00fade Coletiva \u2013 Mestrado Profissional (PPGSC-MP)<\/strong><\/a><\/p><p><a href=\"http:\/\/medicinatropical.unb.br\" target=\"_blank\" rel=\"noopener\"><strong>\u00a0<\/strong><strong>Medicina Tropical (PPGMT)<\/strong><\/a><\/p>\t\t\t\t\t\t<\/div>\n\t\t\t\t<\/div>\n\t\t\t\t\t<\/div>\n\t\t<\/div>\n\t\t\t\t\t\t\t<\/div>\n\t\t<\/section>\n\t\t\t\t\t\t<\/div>\n\t\t\t\t\t<\/div>\n\t\t","protected":false},"excerpt":{"rendered":"<p>Entomologia M\u00e9dica Coordena\u00e7\u00e3o:Prof. Dr. Marcos Takashi Obara Lattes O curso de Especializa\u00e7\u00e3o em Entomologia M\u00e9dica tem carga hor\u00e1ria de 360 horas na modalidade presencial e semipresencial a serem cumpridas em 12 meses. Nele, o(a) estudante ir\u00e1 apreender os fundamentos da entomologia geral e m\u00e9dica, identifica\u00e7\u00e3o taxon\u00f4mica das principais esp\u00e9cies de mosquitos, flebotom\u00edneos e triatom\u00edneos, no\u00e7\u00f5es [&hellip;]<\/p>\n","protected":false},"author":9,"featured_media":0,"parent":0,"menu_order":0,"comment_status":"closed","ping_status":"closed","template":"elementor_header_footer","meta":[],"_links":{"self":[{"href":"https:\/\/arbocontrol.unb.br\/index.php?rest_route=\/wp\/v2\/pages\/1425"}],"collection":[{"href":"https:\/\/arbocontrol.unb.br\/index.php?rest_route=\/wp\/v2\/pages"}],"about":[{"href":"https:\/\/arbocontrol.unb.br\/index.php?rest_route=\/wp\/v2\/types\/page"}],"author":[{"embeddable":true,"href":"https:\/\/arbocontrol.unb.br\/index.php?rest_route=\/wp\/v2\/users\/9"}],"replies":[{"embeddable":true,"href":"https:\/\/arbocontrol.unb.br\/index.php?rest_route=%2Fwp%2Fv2%2Fcomments&post=1425"}],"version-history":[{"count":4,"href":"https:\/\/arbocontrol.unb.br\/index.php?rest_route=\/wp\/v2\/pages\/1425\/revisions"}],"predecessor-version":[{"id":1430,"href":"https:\/\/arbocontrol.unb.br\/index.php?rest_route=\/wp\/v2\/pages\/1425\/revisions\/1430"}],"wp:attachment":[{"href":"https:\/\/arbocontrol.unb.br\/index.php?rest_route=%2Fwp%2Fv2%2Fmedia&parent=1425"}],"curies":[{"name":"wp","href":"https:\/\/api.w.org\/{rel}","templated":true}]}}