

 {"id":1431,"date":"2021-06-23T21:26:27","date_gmt":"2021-06-23T21:26:27","guid":{"rendered":"https:\/\/arbocontrol.unb.br\/?page_id=1431"},"modified":"2021-06-23T21:28:30","modified_gmt":"2021-06-23T21:28:30","slug":"epidemiologia","status":"publish","type":"page","link":"https:\/\/arbocontrol.unb.br\/?page_id=1431","title":{"rendered":"Epidemiologia"},"content":{"rendered":"\t\t<div data-elementor-type=\"wp-page\" data-elementor-id=\"1431\" class=\"elementor elementor-1431\" data-elementor-settings=\"[]\">\n\t\t\t\t\t\t\t<div class=\"elementor-section-wrap\">\n\t\t\t\t\t\t\t<section class=\"elementor-section elementor-top-section elementor-element elementor-element-2c462d7 elementor-section-boxed elementor-section-height-default elementor-section-height-default\" data-id=\"2c462d7\" data-element_type=\"section\">\n\t\t\t\t\t\t<div class=\"elementor-container elementor-column-gap-default\">\n\t\t\t\t\t<div class=\"elementor-column elementor-col-100 elementor-top-column elementor-element elementor-element-be77099\" data-id=\"be77099\" data-element_type=\"column\">\n\t\t\t<div class=\"elementor-widget-wrap elementor-element-populated\">\n\t\t\t\t\t\t\t\t<div class=\"elementor-element elementor-element-aa84f87 elementor-widget elementor-widget-heading\" data-id=\"aa84f87\" data-element_type=\"widget\" data-widget_type=\"heading.default\">\n\t\t\t\t<div class=\"elementor-widget-container\">\n\t\t\t<h2 class=\"elementor-heading-title elementor-size-default\">Epidemiologia para Vigil\u00e2ncia<\/h2>\t\t<\/div>\n\t\t\t\t<\/div>\n\t\t\t\t<section class=\"elementor-section elementor-inner-section elementor-element elementor-element-b8eb7da elementor-section-boxed elementor-section-height-default elementor-section-height-default\" data-id=\"b8eb7da\" data-element_type=\"section\">\n\t\t\t\t\t\t<div class=\"elementor-container elementor-column-gap-default\">\n\t\t\t\t\t<div class=\"elementor-column elementor-col-50 elementor-inner-column elementor-element elementor-element-f96e29a\" data-id=\"f96e29a\" data-element_type=\"column\">\n\t\t\t<div class=\"elementor-widget-wrap elementor-element-populated\">\n\t\t\t\t\t\t\t\t<div class=\"elementor-element elementor-element-fa69dac elementor-widget elementor-widget-image\" data-id=\"fa69dac\" data-element_type=\"widget\" data-widget_type=\"image.default\">\n\t\t\t\t<div class=\"elementor-widget-container\">\n\t\t\t\t\t\t\t\t\t\t\t\t\t\t\t<img width=\"276\" height=\"337\" src=\"https:\/\/arbocontrol.unb.br\/wp-content\/uploads\/2021\/06\/Dra.-Flavia-Reis.jpg\" class=\"attachment-large size-large\" alt=\"\" loading=\"lazy\" srcset=\"https:\/\/arbocontrol.unb.br\/wp-content\/uploads\/2021\/06\/Dra.-Flavia-Reis.jpg 276w, https:\/\/arbocontrol.unb.br\/wp-content\/uploads\/2021\/06\/Dra.-Flavia-Reis-246x300.jpg 246w\" sizes=\"(max-width: 276px) 100vw, 276px\" \/>\t\t\t\t\t\t\t\t\t\t\t\t\t\t\t<\/div>\n\t\t\t\t<\/div>\n\t\t\t\t\t<\/div>\n\t\t<\/div>\n\t\t\t\t<div class=\"elementor-column elementor-col-50 elementor-inner-column elementor-element elementor-element-60e5164\" data-id=\"60e5164\" data-element_type=\"column\">\n\t\t\t<div class=\"elementor-widget-wrap elementor-element-populated\">\n\t\t\t\t\t\t\t\t<div class=\"elementor-element elementor-element-33f4e28 elementor-widget elementor-widget-heading\" data-id=\"33f4e28\" data-element_type=\"widget\" data-widget_type=\"heading.default\">\n\t\t\t\t<div class=\"elementor-widget-container\">\n\t\t\t<h2 class=\"elementor-heading-title elementor-size-default\">Coordena\u00e7\u00e3o:<br>Profa. Dra. Fl\u00e1via Reis de Andrade<\/h2>\t\t<\/div>\n\t\t\t\t<\/div>\n\t\t\t\t<div class=\"elementor-element elementor-element-c92b5a2 elementor-widget elementor-widget-heading\" data-id=\"c92b5a2\" data-element_type=\"widget\" data-widget_type=\"heading.default\">\n\t\t\t\t<div class=\"elementor-widget-container\">\n\t\t\t<h2 class=\"elementor-heading-title elementor-size-default\"><a href=\"http:\/\/lattes.cnpq.br\/7503314982139681\" target=\"_blank\">Lattes<\/a><\/h2>\t\t<\/div>\n\t\t\t\t<\/div>\n\t\t\t\t\t<\/div>\n\t\t<\/div>\n\t\t\t\t\t\t\t<\/div>\n\t\t<\/section>\n\t\t\t\t<div class=\"elementor-element elementor-element-fbd2d9f elementor-widget elementor-widget-text-editor\" data-id=\"fbd2d9f\" data-element_type=\"widget\" data-widget_type=\"text-editor.default\">\n\t\t\t\t<div class=\"elementor-widget-container\">\n\t\t\t\t\t\t\t\t<p>O curso de Especializa\u00e7\u00e3o em Epidemiologia para Vigil\u00e2ncia e controle do <em>Aedes aegypt<\/em> e de arboviroses tem como p\u00fablico estrat\u00e9gico os profissionais com forma\u00e7\u00e3o nuclear biol\u00f3gica e n\u00e3o biol\u00f3gica, preferencialmente vinculados a servi\u00e7os de sa\u00fade, de modo a oportunizar a qualifica\u00e7\u00e3o dos trabalhadores em sa\u00fade na \u00e1rea de Epidemiologia.<\/p><p>O curso est\u00e1 estruturado de modo a oferecer um aprendizado gradativo de conceitos e habilidades essenciais ao entendimento do comportamento das arboviroses na atualidade, bem como os fundamentos para elabora\u00e7\u00e3o de estrat\u00e9gias para o seu controle, ampliando o dom\u00ednio de pr\u00e1ticas que contribuam para a qualifica\u00e7\u00e3o das a\u00e7\u00f5es de sa\u00fade e a gera\u00e7\u00e3o de conhecimentos com relev\u00e2ncia local, regional e nacional.<\/p><p>Espera-se que o aperfei\u00e7oamento do egresso nos m\u00e9todos epidemiol\u00f3gico e estat\u00edstico aplicado \u00e0s investiga\u00e7\u00f5es das arboviroses contribua para a obten\u00e7\u00e3o de resultados consistentes e, portanto, \u00fateis para o controle desse problema epidemiol\u00f3gico.<\/p><p>Carga hor\u00e1ria: 360 horas<\/p>\t\t\t\t\t\t<\/div>\n\t\t\t\t<\/div>\n\t\t\t\t\t<\/div>\n\t\t<\/div>\n\t\t\t\t\t\t\t<\/div>\n\t\t<\/section>\n\t\t\t\t\t\t<\/div>\n\t\t\t\t\t<\/div>\n\t\t","protected":false},"excerpt":{"rendered":"<p>Epidemiologia para Vigil\u00e2ncia Coordena\u00e7\u00e3o:Profa. Dra. Fl\u00e1via Reis de Andrade Lattes O curso de Especializa\u00e7\u00e3o em Epidemiologia para Vigil\u00e2ncia e controle do Aedes aegypt e de arboviroses tem como p\u00fablico estrat\u00e9gico os profissionais com forma\u00e7\u00e3o nuclear biol\u00f3gica e n\u00e3o biol\u00f3gica, preferencialmente vinculados a servi\u00e7os de sa\u00fade, de modo a oportunizar a qualifica\u00e7\u00e3o dos trabalhadores em sa\u00fade [&hellip;]<\/p>\n","protected":false},"author":9,"featured_media":0,"parent":0,"menu_order":0,"comment_status":"closed","ping_status":"closed","template":"elementor_header_footer","meta":[],"_links":{"self":[{"href":"https:\/\/arbocontrol.unb.br\/index.php?rest_route=\/wp\/v2\/pages\/1431"}],"collection":[{"href":"https:\/\/arbocontrol.unb.br\/index.php?rest_route=\/wp\/v2\/pages"}],"about":[{"href":"https:\/\/arbocontrol.unb.br\/index.php?rest_route=\/wp\/v2\/types\/page"}],"author":[{"embeddable":true,"href":"https:\/\/arbocontrol.unb.br\/index.php?rest_route=\/wp\/v2\/users\/9"}],"replies":[{"embeddable":true,"href":"https:\/\/arbocontrol.unb.br\/index.php?rest_route=%2Fwp%2Fv2%2Fcomments&post=1431"}],"version-history":[{"count":4,"href":"https:\/\/arbocontrol.unb.br\/index.php?rest_route=\/wp\/v2\/pages\/1431\/revisions"}],"predecessor-version":[{"id":1436,"href":"https:\/\/arbocontrol.unb.br\/index.php?rest_route=\/wp\/v2\/pages\/1431\/revisions\/1436"}],"wp:attachment":[{"href":"https:\/\/arbocontrol.unb.br\/index.php?rest_route=%2Fwp%2Fv2%2Fmedia&parent=1431"}],"curies":[{"name":"wp","href":"https:\/\/api.w.org\/{rel}","templated":true}]}}