

 {"id":1448,"date":"2021-06-24T21:26:09","date_gmt":"2021-06-24T21:26:09","guid":{"rendered":"https:\/\/arbocontrol.unb.br\/?page_id=1448"},"modified":"2023-06-02T14:32:33","modified_gmt":"2023-06-02T14:32:33","slug":"curso","status":"publish","type":"page","link":"https:\/\/arbocontrol.unb.br\/?page_id=1448","title":{"rendered":"Curso"},"content":{"rendered":"\t\t<div data-elementor-type=\"wp-page\" data-elementor-id=\"1448\" class=\"elementor elementor-1448\" data-elementor-settings=\"[]\">\n\t\t\t\t\t\t\t<div class=\"elementor-section-wrap\">\n\t\t\t\t\t\t\t<section class=\"elementor-section elementor-top-section elementor-element elementor-element-2c462d7 elementor-section-boxed elementor-section-height-default elementor-section-height-default\" data-id=\"2c462d7\" data-element_type=\"section\">\n\t\t\t\t\t\t<div class=\"elementor-container elementor-column-gap-default\">\n\t\t\t\t\t<div class=\"elementor-column elementor-col-100 elementor-top-column elementor-element elementor-element-be77099\" data-id=\"be77099\" data-element_type=\"column\">\n\t\t\t<div class=\"elementor-widget-wrap elementor-element-populated\">\n\t\t\t\t\t\t\t\t<div class=\"elementor-element elementor-element-aa84f87 elementor-widget elementor-widget-heading\" data-id=\"aa84f87\" data-element_type=\"widget\" data-widget_type=\"heading.default\">\n\t\t\t\t<div class=\"elementor-widget-container\">\n\t\t\t<h2 class=\"elementor-heading-title elementor-size-default\">Curso<\/h2>\t\t<\/div>\n\t\t\t\t<\/div>\n\t\t\t\t<div class=\"elementor-element elementor-element-267eadb elementor-widget elementor-widget-heading\" data-id=\"267eadb\" data-element_type=\"widget\" data-widget_type=\"heading.default\">\n\t\t\t\t<div class=\"elementor-widget-container\">\n\t\t\t<h2 class=\"elementor-heading-title elementor-size-default\">ArboControl nas Escolas - Gest\u00e3o da informa\u00e7\u00e3o, educa\u00e7\u00e3o e comunica\u00e7\u00e3o no\ncontrole das arboviroses Dengue, Zika e Chikungunya<\/h2>\t\t<\/div>\n\t\t\t\t<\/div>\n\t\t\t\t<div class=\"elementor-element elementor-element-fbd2d9f elementor-widget elementor-widget-text-editor\" data-id=\"fbd2d9f\" data-element_type=\"widget\" data-widget_type=\"text-editor.default\">\n\t\t\t\t<div class=\"elementor-widget-container\">\n\t\t\t\t\t\t\t\t<p>O Arbo nas Escolas \u00e9 um projeto que visa estreitar a rela\u00e7\u00e3o entre a sa\u00fade e a educa\u00e7\u00e3o, tornando escolas e estudantes da rede b\u00e1sica de ensino multiplicadores dos saberes para o controle e a preven\u00e7\u00e3o das arboviroses dengue, Zika e chikungunya. A inten\u00e7\u00e3o \u00e9 voltar aos 16 munic\u00edpios onde ocorreram entrevistas \u2013 de forma remota \u2013 com uma proposta de compartilhamento de conhecimento e experi\u00eancias entre pesquisadores do projeto e os professores das escolas sobre temas como metodologias ativas, a import\u00e2ncia do PSE e das PICS na abordagem das arboviroses.<\/p><p>No caso, o curso. Fruto da pesquisa nacional, o curso na Arbo nas Escolas ocorrer\u00e1 na modalidade EaD, dividido em 11 m\u00f3dulos com carga hor\u00e1ria total de 180h. Dentre os assuntos a serem trabalhados na iniciativa, est\u00e3o: Introdu\u00e7\u00e3o \u00e0s Arboviroses Emergentes: dengue, Zika e chikungunya; Ambiente e Sa\u00fade; Comunica\u00e7\u00e3o em Sa\u00fade; Educa\u00e7\u00e3o em Sa\u00fade; Pr\u00e1ticas Integrativas; Qualidade da Informa\u00e7\u00e3o; Gest\u00e3o da Informa\u00e7\u00e3o e Tradu\u00e7\u00e3o do Conhecimento; Promo\u00e7\u00e3o da Sa\u00fade; Ci\u00eancia Cidad\u00e3; e Metodologias Inovadoras.<\/p>\t\t\t\t\t\t<\/div>\n\t\t\t\t<\/div>\n\t\t\t\t<div class=\"elementor-element elementor-element-2a6349f elementor-align-center elementor-widget elementor-widget-button\" data-id=\"2a6349f\" data-element_type=\"widget\" data-widget_type=\"button.default\">\n\t\t\t\t<div class=\"elementor-widget-container\">\n\t\t\t\t\t<div class=\"elementor-button-wrapper\">\n\t\t\t<a href=\"https:\/\/ead.ecos.unb.br\/\" target=\"_blank\" class=\"elementor-button-link elementor-button elementor-size-sm\" role=\"button\">\n\t\t\t\t\t\t<span class=\"elementor-button-content-wrapper\">\n\t\t\t\t\t\t<span class=\"elementor-button-text\">ACESSE O CURSO CLICANDO AQUI<\/span>\n\t\t<\/span>\n\t\t\t\t\t<\/a>\n\t\t<\/div>\n\t\t\t\t<\/div>\n\t\t\t\t<\/div>\n\t\t\t\t\t<\/div>\n\t\t<\/div>\n\t\t\t\t\t\t\t<\/div>\n\t\t<\/section>\n\t\t\t\t\t\t<\/div>\n\t\t\t\t\t<\/div>\n\t\t","protected":false},"excerpt":{"rendered":"<p>Curso ArboControl nas Escolas &#8211; Gest\u00e3o da informa\u00e7\u00e3o, educa\u00e7\u00e3o e comunica\u00e7\u00e3o no controle das arboviroses Dengue, Zika e Chikungunya O Arbo nas Escolas \u00e9 um projeto que visa estreitar a rela\u00e7\u00e3o entre a sa\u00fade e a educa\u00e7\u00e3o, tornando escolas e estudantes da rede b\u00e1sica de ensino multiplicadores dos saberes para o controle e a preven\u00e7\u00e3o [&hellip;]<\/p>\n","protected":false},"author":9,"featured_media":0,"parent":0,"menu_order":0,"comment_status":"closed","ping_status":"closed","template":"elementor_header_footer","meta":[],"_links":{"self":[{"href":"https:\/\/arbocontrol.unb.br\/index.php?rest_route=\/wp\/v2\/pages\/1448"}],"collection":[{"href":"https:\/\/arbocontrol.unb.br\/index.php?rest_route=\/wp\/v2\/pages"}],"about":[{"href":"https:\/\/arbocontrol.unb.br\/index.php?rest_route=\/wp\/v2\/types\/page"}],"author":[{"embeddable":true,"href":"https:\/\/arbocontrol.unb.br\/index.php?rest_route=\/wp\/v2\/users\/9"}],"replies":[{"embeddable":true,"href":"https:\/\/arbocontrol.unb.br\/index.php?rest_route=%2Fwp%2Fv2%2Fcomments&post=1448"}],"version-history":[{"count":7,"href":"https:\/\/arbocontrol.unb.br\/index.php?rest_route=\/wp\/v2\/pages\/1448\/revisions"}],"predecessor-version":[{"id":2006,"href":"https:\/\/arbocontrol.unb.br\/index.php?rest_route=\/wp\/v2\/pages\/1448\/revisions\/2006"}],"wp:attachment":[{"href":"https:\/\/arbocontrol.unb.br\/index.php?rest_route=%2Fwp%2Fv2%2Fmedia&parent=1448"}],"curies":[{"name":"wp","href":"https:\/\/api.w.org\/{rel}","templated":true}]}}