

 {"id":1455,"date":"2021-07-23T16:21:53","date_gmt":"2021-07-23T16:21:53","guid":{"rendered":"https:\/\/arbocontrol.unb.br\/?page_id=1455"},"modified":"2023-06-05T23:12:16","modified_gmt":"2023-06-05T23:12:16","slug":"publicacoes","status":"publish","type":"page","link":"https:\/\/arbocontrol.unb.br\/?page_id=1455","title":{"rendered":"Publica\u00e7\u00f5es"},"content":{"rendered":"\t\t<div data-elementor-type=\"wp-page\" data-elementor-id=\"1455\" class=\"elementor elementor-1455\" data-elementor-settings=\"[]\">\n\t\t\t\t\t\t\t<div class=\"elementor-section-wrap\">\n\t\t\t\t\t\t\t<section class=\"elementor-section elementor-top-section elementor-element elementor-element-2c462d7 elementor-section-boxed elementor-section-height-default elementor-section-height-default\" data-id=\"2c462d7\" data-element_type=\"section\">\n\t\t\t\t\t\t<div class=\"elementor-container elementor-column-gap-default\">\n\t\t\t\t\t<div class=\"elementor-column elementor-col-50 elementor-top-column elementor-element elementor-element-be77099\" data-id=\"be77099\" data-element_type=\"column\">\n\t\t\t<div class=\"elementor-widget-wrap elementor-element-populated\">\n\t\t\t\t\t\t\t\t<div class=\"elementor-element elementor-element-aa84f87 elementor-widget elementor-widget-heading\" data-id=\"aa84f87\" data-element_type=\"widget\" data-widget_type=\"heading.default\">\n\t\t\t\t<div class=\"elementor-widget-container\">\n\t\t\t<h2 class=\"elementor-heading-title elementor-size-default\">Publica\u00e7\u00f5es<\/h2>\t\t<\/div>\n\t\t\t\t<\/div>\n\t\t\t\t<div class=\"elementor-element elementor-element-c00c221 elementor-position-left elementor-vertical-align-top elementor-widget elementor-widget-image-box\" data-id=\"c00c221\" data-element_type=\"widget\" data-widget_type=\"image-box.default\">\n\t\t\t\t<div class=\"elementor-widget-container\">\n\t\t\t<div class=\"elementor-image-box-wrapper\"><figure class=\"elementor-image-box-img\"><a href=\"https:\/\/arbocontrol.unb.br\/wp-content\/uploads\/2023\/06\/cartilha6_fipbpe.pdf\" target=\"_blank\"><img width=\"455\" height=\"647\" src=\"https:\/\/arbocontrol.unb.br\/wp-content\/uploads\/2023\/06\/cartilha6_fibpe.png\" class=\"attachment-full size-full\" alt=\"\" loading=\"lazy\" srcset=\"https:\/\/arbocontrol.unb.br\/wp-content\/uploads\/2023\/06\/cartilha6_fibpe.png 455w, https:\/\/arbocontrol.unb.br\/wp-content\/uploads\/2023\/06\/cartilha6_fibpe-211x300.png 211w\" sizes=\"(max-width: 455px) 100vw, 455px\" \/><\/a><\/figure><div class=\"elementor-image-box-content\"><h3 class=\"elementor-image-box-title\"><a href=\"https:\/\/arbocontrol.unb.br\/wp-content\/uploads\/2023\/06\/cartilha6_fipbpe.pdf\" target=\"_blank\">fontes de informa\u00e7\u00e3o para bibliotecas p\u00fablicas e escolares<\/a><\/h3><p class=\"elementor-image-box-description\"><br>\nData de publica\u00e7\u00e3o: mar\u00e7o\/2022<\/p><\/div><\/div>\t\t<\/div>\n\t\t\t\t<\/div>\n\t\t\t\t<div class=\"elementor-element elementor-element-63c97cb elementor-position-left elementor-vertical-align-top elementor-widget elementor-widget-image-box\" data-id=\"63c97cb\" data-element_type=\"widget\" data-widget_type=\"image-box.default\">\n\t\t\t\t<div class=\"elementor-widget-container\">\n\t\t\t<div class=\"elementor-image-box-wrapper\"><figure class=\"elementor-image-box-img\"><a href=\"https:\/\/arbocontrol.unb.br\/wp-content\/uploads\/2023\/06\/cartilha5_cime.pdf\" target=\"_blank\"><img width=\"456\" height=\"643\" src=\"https:\/\/arbocontrol.unb.br\/wp-content\/uploads\/2023\/06\/cartilha5_cime.png\" class=\"attachment-full size-full\" alt=\"\" loading=\"lazy\" srcset=\"https:\/\/arbocontrol.unb.br\/wp-content\/uploads\/2023\/06\/cartilha5_cime.png 456w, https:\/\/arbocontrol.unb.br\/wp-content\/uploads\/2023\/06\/cartilha5_cime-213x300.png 213w\" sizes=\"(max-width: 456px) 100vw, 456px\" \/><\/a><\/figure><div class=\"elementor-image-box-content\"><h3 class=\"elementor-image-box-title\"><a href=\"https:\/\/arbocontrol.unb.br\/wp-content\/uploads\/2023\/06\/cartilha5_cime.pdf\" target=\"_blank\">Compet\u00eancia em informa\u00e7\u00e3o midi\u00e1tica na educa\u00e7\u00e3o<\/a><\/h3><p class=\"elementor-image-box-description\"><br>\nData de publica\u00e7\u00e3o: mar\u00e7o\/2022<\/p><\/div><\/div>\t\t<\/div>\n\t\t\t\t<\/div>\n\t\t\t\t<div class=\"elementor-element elementor-element-a73d857 elementor-position-left elementor-vertical-align-top elementor-widget elementor-widget-image-box\" data-id=\"a73d857\" data-element_type=\"widget\" data-widget_type=\"image-box.default\">\n\t\t\t\t<div class=\"elementor-widget-container\">\n\t\t\t<div class=\"elementor-image-box-wrapper\"><figure class=\"elementor-image-box-img\"><a href=\"https:\/\/arbocontrol.unb.br\/wp-content\/uploads\/2023\/06\/cartilha4_fnucf.pdf\" target=\"_blank\"><img width=\"455\" height=\"645\" src=\"https:\/\/arbocontrol.unb.br\/wp-content\/uploads\/2023\/06\/cartilha4_fnucf.png\" class=\"attachment-full size-full\" alt=\"\" loading=\"lazy\" srcset=\"https:\/\/arbocontrol.unb.br\/wp-content\/uploads\/2023\/06\/cartilha4_fnucf.png 455w, https:\/\/arbocontrol.unb.br\/wp-content\/uploads\/2023\/06\/cartilha4_fnucf-212x300.png 212w\" sizes=\"(max-width: 455px) 100vw, 455px\" \/><\/a><\/figure><div class=\"elementor-image-box-content\"><h3 class=\"elementor-image-box-title\"><a href=\"https:\/\/arbocontrol.unb.br\/wp-content\/uploads\/2023\/06\/cartilha4_fnucf.pdf\" target=\"_blank\">fake news e uso de checadores de fatos<\/a><\/h3><p class=\"elementor-image-box-description\"><br>\nData de publica\u00e7\u00e3o: mar\u00e7o\/2022<\/p><\/div><\/div>\t\t<\/div>\n\t\t\t\t<\/div>\n\t\t\t\t<div class=\"elementor-element elementor-element-9de9ad6 elementor-position-left elementor-vertical-align-top elementor-widget elementor-widget-image-box\" data-id=\"9de9ad6\" data-element_type=\"widget\" data-widget_type=\"image-box.default\">\n\t\t\t\t<div class=\"elementor-widget-container\">\n\t\t\t<div class=\"elementor-image-box-wrapper\"><figure class=\"elementor-image-box-img\"><a href=\"https:\/\/arbocontrol.unb.br\/wp-content\/uploads\/2023\/06\/cartilha3_imcca.pdf\" target=\"_blank\"><img width=\"454\" height=\"643\" src=\"https:\/\/arbocontrol.unb.br\/wp-content\/uploads\/2023\/06\/cartilha3_imcca.png\" class=\"attachment-full size-full\" alt=\"\" loading=\"lazy\" srcset=\"https:\/\/arbocontrol.unb.br\/wp-content\/uploads\/2023\/06\/cartilha3_imcca.png 454w, https:\/\/arbocontrol.unb.br\/wp-content\/uploads\/2023\/06\/cartilha3_imcca-212x300.png 212w\" sizes=\"(max-width: 454px) 100vw, 454px\" \/><\/a><\/figure><div class=\"elementor-image-box-content\"><h3 class=\"elementor-image-box-title\"><a href=\"https:\/\/arbocontrol.unb.br\/wp-content\/uploads\/2023\/06\/cartilha3_imcca.pdf\" target=\"_blank\">infogr\u00e1ficos e materiais de comunica\u00e7\u00e3o no combate \u00e0s arboviroses<\/a><\/h3><p class=\"elementor-image-box-description\"><br>\nData de publica\u00e7\u00e3o: mar\u00e7o\/2022<\/p><\/div><\/div>\t\t<\/div>\n\t\t\t\t<\/div>\n\t\t\t\t<div class=\"elementor-element elementor-element-387dd11 elementor-position-left elementor-vertical-align-top elementor-widget elementor-widget-image-box\" data-id=\"387dd11\" data-element_type=\"widget\" data-widget_type=\"image-box.default\">\n\t\t\t\t<div class=\"elementor-widget-container\">\n\t\t\t<div class=\"elementor-image-box-wrapper\"><figure class=\"elementor-image-box-img\"><a href=\"https:\/\/arbocontrol.unb.br\/wp-content\/uploads\/2023\/06\/cartilha2_ncvepms.pdf\" target=\"_blank\"><img width=\"453\" height=\"643\" src=\"https:\/\/arbocontrol.unb.br\/wp-content\/uploads\/2023\/06\/cartilha2_ncvepmd.png\" class=\"attachment-full size-full\" alt=\"\" loading=\"lazy\" srcset=\"https:\/\/arbocontrol.unb.br\/wp-content\/uploads\/2023\/06\/cartilha2_ncvepmd.png 453w, https:\/\/arbocontrol.unb.br\/wp-content\/uploads\/2023\/06\/cartilha2_ncvepmd-211x300.png 211w\" sizes=\"(max-width: 453px) 100vw, 453px\" \/><\/a><\/figure><div class=\"elementor-image-box-content\"><h3 class=\"elementor-image-box-title\"><a href=\"https:\/\/arbocontrol.unb.br\/wp-content\/uploads\/2023\/06\/cartilha2_ncvepms.pdf\" target=\"_blank\">narrativas em cena: voz e entona\u00e7\u00e3o na produ\u00e7\u00e3o de m\u00eddias sociais<\/a><\/h3><p class=\"elementor-image-box-description\"><br>\nData de publica\u00e7\u00e3o: mar\u00e7o\/2022<\/p><\/div><\/div>\t\t<\/div>\n\t\t\t\t<\/div>\n\t\t\t\t<div class=\"elementor-element elementor-element-e698736 elementor-position-left elementor-vertical-align-top elementor-widget elementor-widget-image-box\" data-id=\"e698736\" data-element_type=\"widget\" data-widget_type=\"image-box.default\">\n\t\t\t\t<div class=\"elementor-widget-container\">\n\t\t\t<div class=\"elementor-image-box-wrapper\"><figure class=\"elementor-image-box-img\"><a href=\"https:\/\/arbocontrol.unb.br\/wp-content\/uploads\/2023\/06\/cartilha1_opcad.pdf\" target=\"_blank\"><img width=\"455\" height=\"644\" src=\"https:\/\/arbocontrol.unb.br\/wp-content\/uploads\/2023\/06\/cartilha1_opcad.png\" class=\"attachment-full size-full\" alt=\"\" loading=\"lazy\" srcset=\"https:\/\/arbocontrol.unb.br\/wp-content\/uploads\/2023\/06\/cartilha1_opcad.png 455w, https:\/\/arbocontrol.unb.br\/wp-content\/uploads\/2023\/06\/cartilha1_opcad-212x300.png 212w\" sizes=\"(max-width: 455px) 100vw, 455px\" \/><\/a><\/figure><div class=\"elementor-image-box-content\"><h3 class=\"elementor-image-box-title\"><a href=\"https:\/\/arbocontrol.unb.br\/wp-content\/uploads\/2023\/06\/cartilha1_opcad.pdf\" target=\"_blank\">A oralidade em processos de comunica\u00e7\u00e3o no ambiente digital<\/a><\/h3><p class=\"elementor-image-box-description\"><br>\nData de publica\u00e7\u00e3o: mar\u00e7o\/2022<\/p><\/div><\/div>\t\t<\/div>\n\t\t\t\t<\/div>\n\t\t\t\t<div class=\"elementor-element elementor-element-4048c09 elementor-position-left elementor-vertical-align-top elementor-widget elementor-widget-image-box\" data-id=\"4048c09\" data-element_type=\"widget\" data-widget_type=\"image-box.default\">\n\t\t\t\t<div class=\"elementor-widget-container\">\n\t\t\t<div class=\"elementor-image-box-wrapper\"><figure class=\"elementor-image-box-img\"><a href=\"https:\/\/ecos.unb.br\/wp-content\/uploads\/2022\/03\/piiecemsaude.pdf\" target=\"_blank\"><img width=\"496\" height=\"699\" src=\"https:\/\/arbocontrol.unb.br\/wp-content\/uploads\/2022\/03\/piiecemsaude.png\" class=\"attachment-full size-full\" alt=\"\" loading=\"lazy\" srcset=\"https:\/\/arbocontrol.unb.br\/wp-content\/uploads\/2022\/03\/piiecemsaude.png 496w, https:\/\/arbocontrol.unb.br\/wp-content\/uploads\/2022\/03\/piiecemsaude-213x300.png 213w\" sizes=\"(max-width: 496px) 100vw, 496px\" \/><\/a><\/figure><div class=\"elementor-image-box-content\"><h3 class=\"elementor-image-box-title\"><a href=\"https:\/\/ecos.unb.br\/wp-content\/uploads\/2022\/03\/piiecemsaude.pdf\" target=\"_blank\">Pr\u00e1ticas interdisciplinares de Informa\u00e7\u00e3o, Educa\u00e7\u00e3o e Comunica\u00e7\u00e3o em sa\u00fade para a preven\u00e7\u00e3o das arboviroses dengue, zika e chikungunya: Desafios te\u00f3ricos e metodol\u00f3gicos<\/a><\/h3><p class=\"elementor-image-box-description\"><br>\nData de publica\u00e7\u00e3o: 14\/03\/2022<\/p><\/div><\/div>\t\t<\/div>\n\t\t\t\t<\/div>\n\t\t\t\t<div class=\"elementor-element elementor-element-3d2dca1 elementor-position-left elementor-vertical-align-top elementor-widget elementor-widget-image-box\" data-id=\"3d2dca1\" data-element_type=\"widget\" data-widget_type=\"image-box.default\">\n\t\t\t\t<div class=\"elementor-widget-container\">\n\t\t\t<div class=\"elementor-image-box-wrapper\"><figure class=\"elementor-image-box-img\"><a href=\"https:\/\/ecos.unb.br\/wp-content\/uploads\/2021\/12\/turmadagente01.pdf\" target=\"_blank\"><img width=\"454\" height=\"646\" src=\"https:\/\/arbocontrol.unb.br\/wp-content\/uploads\/2021\/12\/turmadagente01.png\" class=\"attachment-full size-full\" alt=\"\" loading=\"lazy\" srcset=\"https:\/\/arbocontrol.unb.br\/wp-content\/uploads\/2021\/12\/turmadagente01.png 454w, https:\/\/arbocontrol.unb.br\/wp-content\/uploads\/2021\/12\/turmadagente01-211x300.png 211w\" sizes=\"(max-width: 454px) 100vw, 454px\" \/><\/a><\/figure><div class=\"elementor-image-box-content\"><h3 class=\"elementor-image-box-title\"><a href=\"https:\/\/ecos.unb.br\/wp-content\/uploads\/2021\/12\/turmadagente01.pdf\" target=\"_blank\">turma d'agente - Revista de educa\u00e7\u00e3o em sa\u00fade coletiva<\/a><\/h3><p class=\"elementor-image-box-description\"><br>\nvolume 1<br>\nData da publica\u00e7\u00e3o: 30\/12\/2021<\/p><\/div><\/div>\t\t<\/div>\n\t\t\t\t<\/div>\n\t\t\t\t<div class=\"elementor-element elementor-element-0d201a2 elementor-position-left elementor-vertical-align-top elementor-widget elementor-widget-image-box\" data-id=\"0d201a2\" data-element_type=\"widget\" data-widget_type=\"image-box.default\">\n\t\t\t\t<div class=\"elementor-widget-container\">\n\t\t\t<div class=\"elementor-image-box-wrapper\"><figure class=\"elementor-image-box-img\"><a href=\"https:\/\/arbocontrol.unb.br\/wp-content\/uploads\/2021\/07\/Arbocontrol_Livro%20did%C3%A1tico%20Curso%20EAD%20%E2%80%93%20Educa%C3%A7%C3%A3o%20Informa%C3%A7%C3%A3o%20e%20Comunica%C3%A7%C3%A3o%20para%20o%20Controle%20de%20Vetor.pdf\" target=\"_blank\"><img width=\"300\" height=\"424\" src=\"https:\/\/arbocontrol.unb.br\/wp-content\/uploads\/2021\/07\/Arbocontrol_Livro-didatico-Curso-EAD-Educacao-Informacao-e-Comunicacao-para-o-Controle-de-Vetor-1.jpg\" class=\"attachment-full size-full\" alt=\"\" loading=\"lazy\" srcset=\"https:\/\/arbocontrol.unb.br\/wp-content\/uploads\/2021\/07\/Arbocontrol_Livro-didatico-Curso-EAD-Educacao-Informacao-e-Comunicacao-para-o-Controle-de-Vetor-1.jpg 300w, https:\/\/arbocontrol.unb.br\/wp-content\/uploads\/2021\/07\/Arbocontrol_Livro-didatico-Curso-EAD-Educacao-Informacao-e-Comunicacao-para-o-Controle-de-Vetor-1-212x300.jpg 212w\" sizes=\"(max-width: 300px) 100vw, 300px\" \/><\/a><\/figure><div class=\"elementor-image-box-content\"><h3 class=\"elementor-image-box-title\"><a href=\"https:\/\/arbocontrol.unb.br\/wp-content\/uploads\/2021\/07\/Arbocontrol_Livro%20did%C3%A1tico%20Curso%20EAD%20%E2%80%93%20Educa%C3%A7%C3%A3o%20Informa%C3%A7%C3%A3o%20e%20Comunica%C3%A7%C3%A3o%20para%20o%20Controle%20de%20Vetor.pdf\" target=\"_blank\">Livro did\u00e1tico Curso EAD \u2013 Educa\u00e7\u00e3o, Informa\u00e7\u00e3o e Comunica\u00e7\u00e3o para o Controle de Vetor<\/a><\/h3><\/div><\/div>\t\t<\/div>\n\t\t\t\t<\/div>\n\t\t\t\t<div class=\"elementor-element elementor-element-8c48a52 elementor-position-left elementor-vertical-align-top elementor-widget elementor-widget-image-box\" data-id=\"8c48a52\" data-element_type=\"widget\" data-widget_type=\"image-box.default\">\n\t\t\t\t<div class=\"elementor-widget-container\">\n\t\t\t<div class=\"elementor-image-box-wrapper\"><figure class=\"elementor-image-box-img\"><a href=\"https:\/\/arbocontrol.unb.br\/wp-content\/uploads\/2021\/07\/Cartilha-Aedes-aqui-nao.pdf\" target=\"_blank\"><img width=\"300\" height=\"424\" src=\"https:\/\/arbocontrol.unb.br\/wp-content\/uploads\/2021\/07\/Cartilha-Aedes-aqui-nao-1.jpg\" class=\"attachment-full size-full\" alt=\"\" loading=\"lazy\" srcset=\"https:\/\/arbocontrol.unb.br\/wp-content\/uploads\/2021\/07\/Cartilha-Aedes-aqui-nao-1.jpg 300w, https:\/\/arbocontrol.unb.br\/wp-content\/uploads\/2021\/07\/Cartilha-Aedes-aqui-nao-1-212x300.jpg 212w\" sizes=\"(max-width: 300px) 100vw, 300px\" \/><\/a><\/figure><div class=\"elementor-image-box-content\"><h3 class=\"elementor-image-box-title\"><a href=\"https:\/\/arbocontrol.unb.br\/wp-content\/uploads\/2021\/07\/Cartilha-Aedes-aqui-nao.pdf\" target=\"_blank\">Cartilha \u2013 Aedes Aqui N\u00e3o<\/a><\/h3><\/div><\/div>\t\t<\/div>\n\t\t\t\t<\/div>\n\t\t\t\t<div class=\"elementor-element elementor-element-f0330f2 elementor-position-left elementor-vertical-align-top elementor-widget elementor-widget-image-box\" data-id=\"f0330f2\" data-element_type=\"widget\" data-widget_type=\"image-box.default\">\n\t\t\t\t<div class=\"elementor-widget-container\">\n\t\t\t<div class=\"elementor-image-box-wrapper\"><figure class=\"elementor-image-box-img\"><a href=\"https:\/\/arbocontrol.unb.br\/wp-content\/uploads\/2021\/07\/Cartilha%E2%80%93Atua%C3%A7%C3%A3o-das-PICS-na-Dengue-Zika-e-Chikungunya.pdf\" target=\"_blank\"><img width=\"300\" height=\"424\" src=\"https:\/\/arbocontrol.unb.br\/wp-content\/uploads\/2021\/07\/Cartilha\u2013Atuacao-das-PICS-na-Dengue-Zika-e-Chikungunya-1.jpg\" class=\"attachment-full size-full\" alt=\"\" loading=\"lazy\" srcset=\"https:\/\/arbocontrol.unb.br\/wp-content\/uploads\/2021\/07\/Cartilha\u2013Atuacao-das-PICS-na-Dengue-Zika-e-Chikungunya-1.jpg 300w, https:\/\/arbocontrol.unb.br\/wp-content\/uploads\/2021\/07\/Cartilha\u2013Atuacao-das-PICS-na-Dengue-Zika-e-Chikungunya-1-212x300.jpg 212w\" sizes=\"(max-width: 300px) 100vw, 300px\" \/><\/a><\/figure><div class=\"elementor-image-box-content\"><h3 class=\"elementor-image-box-title\"><a href=\"https:\/\/arbocontrol.unb.br\/wp-content\/uploads\/2021\/07\/Cartilha%E2%80%93Atua%C3%A7%C3%A3o-das-PICS-na-Dengue-Zika-e-Chikungunya.pdf\" target=\"_blank\">Cartilha \u2013 Atua\u00e7\u00e3o das PICS na Dengue, Zika e Chikungunya.<\/a><\/h3><\/div><\/div>\t\t<\/div>\n\t\t\t\t<\/div>\n\t\t\t\t\t<\/div>\n\t\t<\/div>\n\t\t\t\t<div class=\"elementor-column elementor-col-50 elementor-top-column elementor-element elementor-element-2153409\" data-id=\"2153409\" data-element_type=\"column\">\n\t\t\t<div class=\"elementor-widget-wrap\">\n\t\t\t\t\t\t\t\t\t<\/div>\n\t\t<\/div>\n\t\t\t\t\t\t\t<\/div>\n\t\t<\/section>\n\t\t\t\t\t\t<\/div>\n\t\t\t\t\t<\/div>\n\t\t","protected":false},"excerpt":{"rendered":"<p>Publica\u00e7\u00f5es fontes de informa\u00e7\u00e3o para bibliotecas p\u00fablicas e escolares Data de publica\u00e7\u00e3o: mar\u00e7o\/2022 Compet\u00eancia em informa\u00e7\u00e3o midi\u00e1tica na educa\u00e7\u00e3o Data de publica\u00e7\u00e3o: mar\u00e7o\/2022 fake news e uso de checadores de fatos Data de publica\u00e7\u00e3o: mar\u00e7o\/2022 infogr\u00e1ficos e materiais de comunica\u00e7\u00e3o no combate \u00e0s arboviroses Data de publica\u00e7\u00e3o: mar\u00e7o\/2022 narrativas em cena: voz e entona\u00e7\u00e3o na [&hellip;]<\/p>\n","protected":false},"author":9,"featured_media":0,"parent":0,"menu_order":0,"comment_status":"closed","ping_status":"closed","template":"elementor_header_footer","meta":[],"_links":{"self":[{"href":"https:\/\/arbocontrol.unb.br\/index.php?rest_route=\/wp\/v2\/pages\/1455"}],"collection":[{"href":"https:\/\/arbocontrol.unb.br\/index.php?rest_route=\/wp\/v2\/pages"}],"about":[{"href":"https:\/\/arbocontrol.unb.br\/index.php?rest_route=\/wp\/v2\/types\/page"}],"author":[{"embeddable":true,"href":"https:\/\/arbocontrol.unb.br\/index.php?rest_route=\/wp\/v2\/users\/9"}],"replies":[{"embeddable":true,"href":"https:\/\/arbocontrol.unb.br\/index.php?rest_route=%2Fwp%2Fv2%2Fcomments&post=1455"}],"version-history":[{"count":31,"href":"https:\/\/arbocontrol.unb.br\/index.php?rest_route=\/wp\/v2\/pages\/1455\/revisions"}],"predecessor-version":[{"id":2029,"href":"https:\/\/arbocontrol.unb.br\/index.php?rest_route=\/wp\/v2\/pages\/1455\/revisions\/2029"}],"wp:attachment":[{"href":"https:\/\/arbocontrol.unb.br\/index.php?rest_route=%2Fwp%2Fv2%2Fmedia&parent=1455"}],"curies":[{"name":"wp","href":"https:\/\/api.w.org\/{rel}","templated":true}]}}