

 {"id":187,"date":"2019-12-09T15:05:17","date_gmt":"2019-12-09T15:05:17","guid":{"rendered":"http:\/\/scientific.ancorathemes.com\/?page_id=187"},"modified":"2020-12-03T14:00:29","modified_gmt":"2020-12-03T14:00:29","slug":"about","status":"publish","type":"page","link":"https:\/\/arbocontrol.unb.br\/?page_id=187","title":{"rendered":"O Projeto"},"content":{"rendered":"<p>[vc_row][vc_column]<div class=\"sc_section aligncenter\" data-animation=\"animated zoomIn normal\"><div class=\"sc_section_inner\"><h6 class=\"sc_section_subtitle sc_item_subtitle\">O Projeto<\/h6><h2 class=\"sc_section_title sc_item_title\">Conhe\u00e7a o ARBOCONTROL<\/h2><figure class=\"sc_image  sc_image_shape_square margin_bottom_small\"><img src=\"https:\/\/arbocontrol.unb.br\/wp-content\/uploads\/2020\/05\/bg_arbocontrol.jpg\" alt=\"\" \/><\/figure><div class=\"sc_section aligncenter\" style=\"max-width: 43rem;\"><div class=\"sc_section_inner\">[vc_column_text]<\/p>\n<p style=\"text-align: left;\"><strong>Hist\u00f3ria do projeto ArboControl <\/strong><\/p>\n<p style=\"text-align: left;\">O controle vetorial do Aedes aegypti \u00e9 essencial para preven\u00e7\u00e3o e interrup\u00e7\u00e3o da propaga\u00e7\u00e3o da dengue, zika, chikungunya e febre amarela. A adapta\u00e7\u00e3o e prolifera\u00e7\u00e3o desse mosquito em \u00e1reas urbanas aliadas ao potencial de transmiss\u00e3o das arboviroses tem grande impacto sanit\u00e1rio no Brasil.<\/p>\n<p style=\"text-align: left;\">A inesperada epidemia de Zika v\u00edrus em 2015 refor\u00e7ou, paralelamente ao desenvolvimento de uma vacina e de medicamentos antivirais, a necessidade do controle do vetor. A associa\u00e7\u00e3o causal da infec\u00e7\u00e3o por Zika v\u00edrus \u00e0s microcefalias se deu a partir da comunica\u00e7\u00e3o de servidores e pesquisadores, imprescind\u00edvel para constru\u00e7\u00e3o do conhecimento e elabora\u00e7\u00e3o de medidas de preven\u00e7\u00e3o.<\/p>\n<p style=\"text-align: left;\">Seguindo a mesma estrat\u00e9gia, propomos mobilizar uma rede de pesquisadores nacionais e internacionais para, juntos aos \u00f3rg\u00e3os governamentais de sa\u00fade, desafiar as dificuldades do controle vetorial, desde a resist\u00eancia e residualidade \u00e0 toxicidade humana e ambiental. Iniciamos nossos esfor\u00e7os em 2016 com uma demanda do Minist\u00e9rio da Sa\u00fade para an\u00e1lise da composi\u00e7\u00e3o qu\u00edmica e atividade inseticida de produtos recebidos pelo \u00f3rg\u00e3o. Apesar da grande ang\u00fastia por conta da epidemia de zika v\u00edrus, esse trabalho forneceu dados cient\u00edficos que subsidiaram a decis\u00e3o do governo em n\u00e3o adotar esses produtos no programa nacional de controle vetorial.<\/p>\n<p style=\"text-align: left;\">Diante desse cen\u00e1rio, foi firmado conv\u00eanio entre o Fundo Nacional de Sa\u00fade e a Universidade de Bras\u00edlia para execu\u00e7\u00e3o das a\u00e7\u00f5es de interesse, por meio dos Termos de Execu\u00e7\u00e3o Descentralizada &#8211; TED 74\/2016 e TED 42\/2017. Assim, o presente projeto busca apresentar alternativas que sejam vi\u00e1veis, eficazes a longo prazo e ambientalmente sustent\u00e1veis para o controle de Aedes aegypti em todas suas formas de vida.<\/p>\n<p>&nbsp;<\/p>\n<p style=\"text-align: left;\"><strong>Coordena\u00e7\u00e3o Geral<\/strong><br \/>\nProfa. Dra. Maria F\u00e1tima de Sousa<br \/>\nDepartamento de Sa\u00fade Coletiva e NESP, Faculdade de Ci\u00eancias da Sa\u00fade, Universidade de Bras\u00edlia<\/p>\n<p style=\"text-align: left;\"><strong>Pesquisa para o Controle de Vetor<\/strong><br \/>\nProfa. Dra. Laila Salmen Espindola<br \/>\nLaborat\u00f3rio de Farmacognosia, Departamento de Farm\u00e1cia, Faculdade de Ci\u00eancias da Sa\u00fade, Universidade de Bras\u00edlia<\/p>\n<p style=\"text-align: left;\"><strong>Novas Tecnologias em Sa\u00fade <\/strong><br \/>\nProf. Dr. Jonas Lotufo Brant de Carvalho<br \/>\nDepartamento de Sa\u00fade Coletiva, Faculdade de Ci\u00eancias da Sa\u00fade, Universidade de Bras\u00edlia<\/p>\n<p style=\"text-align: left;\"><strong>Educa\u00e7\u00e3o, Informa\u00e7\u00e3o e Comunica\u00e7\u00e3o para o Controle do Vetor<\/strong><br \/>\nProfa. Dra. Ana Val\u00e9ria Machado Mendon\u00e7a<br \/>\nDepartamento de Sa\u00fade Coletiva e NESP, Faculdade de Ci\u00eancias da Sa\u00fade, Universidade de Bras\u00edlia<\/p>\n<p style=\"text-align: left;\"><strong>Forma\u00e7\u00e3o e Capacita\u00e7\u00e3o Profissional<\/strong><br \/>\nProfa. Dra. Ana Val\u00e9ria Machado Mendon\u00e7a<br \/>\nProfa. Dra. Maria F\u00e1tima de Sousa<br \/>\nProf. Dr. Jonas Lotufo Brant de Carvalho<br \/>\nProfa. Dra. Laila Salmen Espindola<\/p>\n<p>[\/vc_column_text]<\/div><\/div><\/div><\/div>[\/vc_column][\/vc_row]<\/p>\n","protected":false},"excerpt":{"rendered":"<p>[vc_row][vc_column][\/vc_column][\/vc_row]<\/p>\n","protected":false},"author":1,"featured_media":0,"parent":0,"menu_order":0,"comment_status":"closed","ping_status":"closed","template":"","meta":[],"_links":{"self":[{"href":"https:\/\/arbocontrol.unb.br\/index.php?rest_route=\/wp\/v2\/pages\/187"}],"collection":[{"href":"https:\/\/arbocontrol.unb.br\/index.php?rest_route=\/wp\/v2\/pages"}],"about":[{"href":"https:\/\/arbocontrol.unb.br\/index.php?rest_route=\/wp\/v2\/types\/page"}],"author":[{"embeddable":true,"href":"https:\/\/arbocontrol.unb.br\/index.php?rest_route=\/wp\/v2\/users\/1"}],"replies":[{"embeddable":true,"href":"https:\/\/arbocontrol.unb.br\/index.php?rest_route=%2Fwp%2Fv2%2Fcomments&post=187"}],"version-history":[{"count":11,"href":"https:\/\/arbocontrol.unb.br\/index.php?rest_route=\/wp\/v2\/pages\/187\/revisions"}],"predecessor-version":[{"id":1166,"href":"https:\/\/arbocontrol.unb.br\/index.php?rest_route=\/wp\/v2\/pages\/187\/revisions\/1166"}],"wp:attachment":[{"href":"https:\/\/arbocontrol.unb.br\/index.php?rest_route=%2Fwp%2Fv2%2Fmedia&parent=187"}],"curies":[{"name":"wp","href":"https:\/\/api.w.org\/{rel}","templated":true}]}}