

 {"id":223,"date":"2019-12-15T11:10:42","date_gmt":"2019-12-15T11:10:42","guid":{"rendered":"http:\/\/scientific.ancorathemes.com\/?page_id=223"},"modified":"2023-10-17T00:09:07","modified_gmt":"2023-10-17T00:09:07","slug":"parceiros","status":"publish","type":"page","link":"https:\/\/arbocontrol.unb.br\/?page_id=223","title":{"rendered":"Parceiros"},"content":{"rendered":"<p>[vc_row css=&#8221;.vc_custom_1456149273541{margin-top: 5rem !important;}&#8221;][vc_column]<div class=\"sc_section aligncenter\" data-animation=\"animated zoomIn normal\"><div class=\"sc_section_inner\"><h6 class=\"sc_section_subtitle sc_item_subtitle\">PARCERIAS ESTABELECIDAS COM CENTROS DE PESQUISA NA \u00c1REA<\/h6><h2 class=\"sc_section_title sc_item_title\">PARCERIAS BRASILEIRAS<\/h2><div class=\"sc_section aligncenter\" style=\"max-width: 33.7rem;\"><div class=\"sc_section_inner\"><h2 class=\"sc_title sc_title_regular sc_align_center margin_top_small margin_bottom_tiny\" style=\"text-align:center;\"><\/h2>[vc_column_text]<\/p>\n<p class=\"p1\">Diretoria de Vigil\u00e2ncia Ambiental em Sa\u00fade da Secretaria de Estado de Sa\u00fade do Distrito Federal &#8211; DIVAL<\/p>\n<p class=\"p1\">Superintend\u00eancia de Vigil\u00e2ncia em Sa\u00fade da Secretaria de Estado de Sa\u00fade de Goi\u00e1s &#8211; SUVISA<\/p>\n<p class=\"p1\">Cenargen &#8211; Embrapa<\/p>\n<p class=\"p1\">Universidade Federal do Amazonas &#8211; UFAM<\/p>\n<p class=\"p1\">Universidade Cat\u00f3lica de Bras\u00edlia &#8211; UCB<\/p>\n<p class=\"p1\">Universidade Federal de Goi\u00e1s &#8211; UFG<\/p>\n<p class=\"p1\">Universidade Federal do Cear\u00e1 \u2013 UFC<\/p>\n<p class=\"p1\">Universidade Federal de Minas Gerais &#8211; UFMG<\/p>\n<p>Universidade Federal de Mato Grosso do Sul &#8211; UFMS<\/p>\n<p class=\"p1\">Universidade Federal da Para\u00edba \u2013 UFPB<\/p>\n<p class=\"p1\">Universidade Federal do Piau\u00ed &#8211; UFPI<\/p>\n<p class=\"p1\">Universidade Federal do Rio Grande do Norte \u2013 UFRN<\/p>\n<p class=\"p1\">Universidade Federal Rural do Rio de Janeiro \u2013 UFRRJ<\/p>\n<p class=\"p1\">Universidade Federal dos Vales do Jequitinhonha e Mucuri &#8211; UFVJM<\/p>\n<p class=\"p1\">Faculdade de Ci\u00eancias Farmac\u00eauticas &#8211; USP\/ Ribeir\u00e3o Preto<\/p>\n<p class=\"p1\">Instituto de Qu\u00edmica da Universidade Estadual Paulista &#8211; UNESP\/Araraquara<\/p>\n<p class=\"p1\">Instituto de Ci\u00eancias Biom\u00e9dicas &#8211; USP\/S\u00e3o Paulo<\/p>\n<p class=\"p1\">Universidade Estadual de Campinas &#8211; UNICAMP<\/p>\n<p class=\"p1\">Funda\u00e7\u00e3o Oswaldo Cruz \u2013 FIOCRUZ Bras\u00edlia<\/p>\n<p class=\"p1\">Funda\u00e7\u00e3o Oswaldo Cruz \u2013 FIOCRUZ Cear\u00e1<\/p>\n<p class=\"p1\">Funda\u00e7\u00e3o Oswaldo Cruz \u2013 FIOCRUZ Rio de Janeiro<\/p>\n<p>[\/vc_column_text]<\/div><\/div><\/div><\/div>[vc_empty_space]<div class=\"sc_section aligncenter\" data-animation=\"animated zoomIn normal\"><div class=\"sc_section_inner\"><h2 class=\"sc_section_title sc_item_title\">PARCERIAS INTERNACIONAIS<\/h2><div class=\"sc_section aligncenter\" style=\"max-width: 33.7rem;\"><div class=\"sc_section_inner\"><h2 class=\"sc_title sc_title_regular sc_align_center margin_top_small margin_bottom_tiny\" style=\"text-align:center;\"><\/h2>[vc_column_text]<\/p>\n<p class=\"p1\">Centre de Recherche sur la Communication et la Sant\u00e9 (COMSAMT\u00c9)<\/p>\n<p class=\"p1\">National Institutes of Health (NIH) &#8211; Molecular Targets Laboratory, Frederick, Maryland, Estados Unidos<\/p>\n<p class=\"p1\">University of California, Scripps Institution of Oceanography, San Diego, Estados Unidos<\/p>\n<p class=\"p1\">Centre National de la Recherche Scientifique (CNRS), Fran\u00e7a<\/p>\n<p class=\"p1\">Columbia University, Mailman School of Public Health, New York, Estados Unidos<\/p>\n<p class=\"p1\">Universit\u00e9 de Paris Descartes (UPD), Fran\u00e7a<\/p>\n<p class=\"p1\">Mus\u00e9um National d\u2019Histoire Naturelle (MNHN), Fran\u00e7a<\/p>\n<p class=\"p1\">Institut de Recherche pour le D\u00e9veloppement (IRD), Fran\u00e7a<\/p>\n<p class=\"p1\">Universit\u00e9 des Antilles et de la Guyane (UAG), Guyane Fran\u00e7aise, Martinique e Guadeloupe<\/p>\n<p class=\"p1\">National and Kapodistrian University of Athens (NKUA), Gr\u00e9cia<\/p>\n<p class=\"p1\">Hellenic Pasteur Institute (HPI) \u2013 Gr\u00e9cia<\/p>\n<p class=\"p1\">Universite de Geneve (UNIGE) \u2013 Su\u00ed\u00e7a<\/p>\n<p class=\"p1\">University of Leiden (UL) \u2013 Holanda<\/p>\n<p class=\"p1\">Universit\u00e9 du Qu\u00e9bec \u00e0 Montr\u00e9al (UQAM), Canad\u00e1<\/p>\n<p class=\"p1\">Universit\u00e9 du Qu\u00e9bec \u00e0 Chicoutimi (UQAC), Canad\u00e1<\/p>\n<p>[\/vc_column_text]<\/div><\/div><\/div><\/div>[\/vc_column][\/vc_row][vc_row][vc_column][\/vc_column][\/vc_row]<\/p>\n","protected":false},"excerpt":{"rendered":"<p>[vc_row css=&#8221;.vc_custom_1456149273541{margin-top: 5rem !important;}&#8221;][vc_column][vc_empty_space][\/vc_column][\/vc_row][vc_row][vc_column][\/vc_column][\/vc_row]<\/p>\n","protected":false},"author":1,"featured_media":0,"parent":0,"menu_order":0,"comment_status":"closed","ping_status":"closed","template":"","meta":[],"_links":{"self":[{"href":"https:\/\/arbocontrol.unb.br\/index.php?rest_route=\/wp\/v2\/pages\/223"}],"collection":[{"href":"https:\/\/arbocontrol.unb.br\/index.php?rest_route=\/wp\/v2\/pages"}],"about":[{"href":"https:\/\/arbocontrol.unb.br\/index.php?rest_route=\/wp\/v2\/types\/page"}],"author":[{"embeddable":true,"href":"https:\/\/arbocontrol.unb.br\/index.php?rest_route=\/wp\/v2\/users\/1"}],"replies":[{"embeddable":true,"href":"https:\/\/arbocontrol.unb.br\/index.php?rest_route=%2Fwp%2Fv2%2Fcomments&post=223"}],"version-history":[{"count":5,"href":"https:\/\/arbocontrol.unb.br\/index.php?rest_route=\/wp\/v2\/pages\/223\/revisions"}],"predecessor-version":[{"id":2031,"href":"https:\/\/arbocontrol.unb.br\/index.php?rest_route=\/wp\/v2\/pages\/223\/revisions\/2031"}],"wp:attachment":[{"href":"https:\/\/arbocontrol.unb.br\/index.php?rest_route=%2Fwp%2Fv2%2Fmedia&parent=223"}],"curies":[{"name":"wp","href":"https:\/\/api.w.org\/{rel}","templated":true}]}}