

 {"id":527,"date":"2019-12-03T14:44:16","date_gmt":"2019-12-03T14:44:16","guid":{"rendered":"http:\/\/scientific.ancorathemes.com\/?page_id=527"},"modified":"2020-12-03T13:11:35","modified_gmt":"2020-12-03T13:11:35","slug":"home-3","status":"publish","type":"page","link":"https:\/\/arbocontrol.unb.br\/","title":{"rendered":"Home"},"content":{"rendered":"<p>[vc_row full_width=&#8221;stretch_row&#8221; css=&#8221;.vc_custom_1456239000515{margin-top: 6rem !important;padding-top: 6rem !important;padding-bottom: 6rem !important;background-color: #f5f5f5 !important;}&#8221;][vc_column][vc_row_inner][vc_column_inner][vc_custom_heading text=&#8221;O Projeto ArboControl&#8221; font_container=&#8221;tag:h1|text_align:center&#8221; google_fonts=&#8221;font_family:Bree%20Serif%3Aregular|font_style:400%20regular%3A400%3Anormal&#8221;][vc_separator color=&#8221;custom&#8221; border_width=&#8221;5&#8243; el_width=&#8221;10&#8243; accent_color=&#8221;#a9d689&#8243;][\/vc_column_inner][\/vc_row_inner][vc_column_text]<\/p>\n<p style=\"text-align: center;\">\n<p>O arbov\u00edrus dengue, zika e chikungunya\u00a0compartilham o mesmo inseto vetor: o mosquito Aedes aegypti \u2013 mol\u00e9culas do Brasil e do mundo para o controle, novas tecnologias em sa\u00fade e gest\u00e3o da informa\u00e7\u00e3o, educa\u00e7\u00e3o e comunica\u00e7\u00e3o; \u00e9 uma proposta de investiga\u00e7\u00e3o no \u00e2mbito da Faculdade de Ci\u00eancias da Sa\u00fade da Universidade de Bras\u00edlia (FS\/UnB) e do N\u00facleo de Estudos de Sa\u00fade P\u00fablica do Centro de Estudos Avan\u00e7ados Multidisciplinares (Nesp\/Ceam\/UnB).<\/p>\n<div id=\"idbpfpeogbhifooiagnbbdbffplkfcke\"><\/div>\n<p>[\/vc_column_text]<div class=\"columns_wrap sc_columns columns_nofluid sc_columns_count_2\"><div class=\"column-1_2 sc_column_item sc_column_item_1 odd first\"><\/div><div class=\"column-1_2 sc_column_item sc_column_item_2 even\"><\/div><\/div><div class=\"sc_section\" data-animation=\"animated zoomIn normal\"><div class=\"sc_section_inner\"><h2 class=\"sc_section_title sc_item_title\">COORDENA\u00c7\u00c3O GERAL:<\/h2><div class=\"sc_section_descr sc_item_descr\">Maria F\u00e1tima de Sousa<\/div><div class=\"columns_wrap sc_columns columns_nofluid sc_columns_count_4 margin_top_large\"><div class=\"column-1_4 sc_column_item sc_column_item_1 odd first\"><h2 class=\"sc_title sc_title_underline sc_align_left margin_bottom_tiny\" style=\"text-align:left;font-weight:100;\"><strong>Componente 01<br \/>\n<\/strong>Pesquisa para o controle de vetor<\/p>\n<div id=\"idbpfpeogbhifooiagnbbdbffplkfcke\"><\/div>\n<p><\/h2>[vc_column_text]<\/p>\n<p class=\"direction-ltr align-start para-style-body\">Profa. Dra. Laila Salmen Espindola \u2013 Laborat\u00f3rio de Farmacognosia, Departamento de Farm\u00e1cia, Faculdade de Ci\u00eancias da Sa\u00fade, Universidade de Bras\u00edlia<\/p>\n<div id=\"idbpfpeogbhifooiagnbbdbffplkfcke\"><\/div>\n<p>[\/vc_column_text]<div class=\"sc_line sc_line_position_center_center sc_line_style_dotted\" style=\"margin-bottom: 0.5rem !important; margin-top: 1.4rem !important;border-top-style:dotted;\"><\/div><\/div><div class=\"column-1_4 sc_column_item sc_column_item_2 even\"><h2 class=\"sc_title sc_title_underline sc_align_left margin_bottom_tiny\" style=\"text-align:left;font-weight:100;\"><strong>Componente 02<\/strong><br \/>\nNovas tecnologias em sa\u00fade<\/p>\n<div id=\"idbpfpeogbhifooiagnbbdbffplkfcke\"><\/div>\n<div id=\"idbpfpeogbhifooiagnbbdbffplkfcke\"><\/div>\n<p><\/h2>[vc_column_text]<\/p>\n<p class=\"direction-ltr align-start para-style-body\">Prof. Dr. Jonas Lotufo Brant de Carvalho &#8211; Departamento de Sa\u00fade Coletiva, Faculdade de Ci\u00eancias da Sa\u00fade, Universidade de Bras\u00edlia<\/p>\n<div id=\"idbpfpeogbhifooiagnbbdbffplkfcke\"><\/div>\n<p>[\/vc_column_text]<div class=\"sc_line sc_line_position_center_center sc_line_style_dotted\" style=\"margin-bottom: 0.5rem !important; margin-top: 1.4rem !important;border-top-style:dotted;\"><\/div><\/div><div class=\"column-1_4 sc_column_item sc_column_item_3 odd\"><h2 class=\"sc_title sc_title_underline sc_align_left margin_bottom_tiny\" style=\"text-align:left;font-weight:100;\"><strong>Componente 03<\/strong><br \/>\nEduca\u00e7\u00e3o, Informa\u00e7\u00e3o e Comunica\u00e7\u00e3o para o controle do vetor<\/p>\n<div id=\"idbpfpeogbhifooiagnbbdbffplkfcke\"><\/div>\n<div id=\"idbpfpeogbhifooiagnbbdbffplkfcke\"><\/div>\n<p><\/h2>[vc_column_text]<\/p>\n<p class=\"direction-ltr align-start para-style-body\">Profa. Dra. Ana Val\u00e9ria Machado Mendon\u00e7a &#8211; Departamento de Sa\u00fade Coletiva e NESP, Faculdade de Ci\u00eancias da Sa\u00fade, Universidade de Bras\u00edlia<\/p>\n<div id=\"idbpfpeogbhifooiagnbbdbffplkfcke\"><\/div>\n<p>[\/vc_column_text]<div class=\"sc_line sc_line_position_center_center sc_line_style_dotted\" style=\"margin-bottom: 0.5rem !important; margin-top: 1.4rem !important;border-top-style:dotted;\"><\/div><\/div><div class=\"column-1_4 sc_column_item sc_column_item_4 even\"><h2 class=\"sc_title sc_title_underline sc_align_left margin_bottom_tiny\" style=\"text-align:left;font-weight:100;\"><strong>Componente 04<\/strong><br \/>\nForma\u00e7\u00e3o e capacita\u00e7\u00e3o profissional<\/p>\n<div id=\"idbpfpeogbhifooiagnbbdbffplkfcke\"><\/div>\n<div id=\"idbpfpeogbhifooiagnbbdbffplkfcke\"><\/div>\n<p><\/h2>[vc_column_text]<\/p>\n<p class=\"direction-ltr align-start para-style-body\">Professores Ana Val\u00e9ria Machado Mendon\u00e7a, Maria F\u00e1tima de Sousa, Jonas Lotufo Brant de Carvalho e Laila Salmen Espindola da Faculdade de Ci\u00eancias da Sa\u00fade da Universidade de Bras\u00edlia<\/p>\n<div id=\"idbpfpeogbhifooiagnbbdbffplkfcke\"><\/div>\n<p>[\/vc_column_text]<div class=\"sc_line sc_line_position_center_center sc_line_style_dotted\" style=\"margin-bottom: 0.5rem !important; margin-top: 1.4rem !important;border-top-style:dotted;\"><\/div><\/div><\/div><\/div><\/div><div class=\"sc_section margin_top_null margin_bottom_null aligncenter\"><div class=\"sc_section_inner\"><div class=\"sc_line sc_line_position_center_center sc_line_style_solid margin_top_large\" style=\"display: inline-block;width:150px;border-top-width:4px;border-top-style:solid;border-top-color:#b3d69c;\"><\/div><figure class=\"sc_image  sc_image_shape_square margin_bottom_small\"><a href=\"#popup_video\" class=\" sc_popup_link\"><img src=\"https:\/\/arbocontrol.unb.br\/wp-content\/uploads\/2019\/12\/video_arbocontrol.jpg\" alt=\"\" \/><\/a><\/figure><div id=\"popup_video\" class=\"sc_popup mfp-with-anim mfp-hide\"><video class=\"sc_video\" src=\"https:\/\/youtube.com\/embed\/dbBPSs40BSs\" width=\"100%\" height=\"\" data-width=\"100%\" data-height=\"\" data-ratio=\"16:9\" poster=\"https:\/\/i1.ytimg.com\/vi\/dbBPSs40BSs\/0.jpg\" data-image=\"https:\/\/i1.ytimg.com\/vi\/dbBPSs40BSs\/0.jpg\" style=\"width:100%;\" autoplay=\"autoplay\" controls=\"controls\" loop=\"loop\"><\/video><\/div><h2 class=\"sc_title sc_title_regular\" style=\"font-weight:100;font-size:1rem;\">ArboControl: Conhe\u00e7a o Projeto<\/p>\n<div id=\"idbpfpeogbhifooiagnbbdbffplkfcke\"><\/div>\n<p><\/h2><\/div><\/div>[\/vc_column][\/vc_row][vc_row][vc_column]<div class=\"sc_section margin_top_null margin_bottom_null aligncenter\"><div class=\"sc_section_inner\"><figure class=\"sc_image  sc_image_shape_square margin_bottom_small\"><img src=\"https:\/\/arbocontrol.unb.br\/wp-content\/uploads\/2020\/12\/Arbocontrol_1@2x.png\" alt=\"\" \/><\/figure><\/div><\/div>[\/vc_column][\/vc_row]<\/p>\n","protected":false},"excerpt":{"rendered":"<p>[vc_row full_width=&#8221;stretch_row&#8221; css=&#8221;.vc_custom_1456239000515{margin-top: 6rem !important;padding-top: 6rem !important;padding-bottom: 6rem !important;background-color: #f5f5f5 !important;}&#8221;][vc_column][vc_row_inner][vc_column_inner][vc_custom_heading text=&#8221;O Projeto ArboControl&#8221; font_container=&#8221;tag:h1|text_align:center&#8221; google_fonts=&#8221;font_family:Bree%20Serif%3Aregular|font_style:400%20regular%3A400%3Anormal&#8221;][vc_separator color=&#8221;custom&#8221; border_width=&#8221;5&#8243; el_width=&#8221;10&#8243; accent_color=&#8221;#a9d689&#8243;][\/vc_column_inner][\/vc_row_inner][vc_column_text] O arbov\u00edrus dengue, zika e chikungunya\u00a0compartilham o mesmo inseto vetor: o mosquito Aedes aegypti \u2013 mol\u00e9culas do Brasil e do mundo para o controle, novas tecnologias em sa\u00fade e gest\u00e3o da informa\u00e7\u00e3o, educa\u00e7\u00e3o e comunica\u00e7\u00e3o; [&hellip;]<\/p>\n","protected":false},"author":1,"featured_media":0,"parent":0,"menu_order":0,"comment_status":"closed","ping_status":"closed","template":"","meta":[],"_links":{"self":[{"href":"https:\/\/arbocontrol.unb.br\/index.php?rest_route=\/wp\/v2\/pages\/527"}],"collection":[{"href":"https:\/\/arbocontrol.unb.br\/index.php?rest_route=\/wp\/v2\/pages"}],"about":[{"href":"https:\/\/arbocontrol.unb.br\/index.php?rest_route=\/wp\/v2\/types\/page"}],"author":[{"embeddable":true,"href":"https:\/\/arbocontrol.unb.br\/index.php?rest_route=\/wp\/v2\/users\/1"}],"replies":[{"embeddable":true,"href":"https:\/\/arbocontrol.unb.br\/index.php?rest_route=%2Fwp%2Fv2%2Fcomments&post=527"}],"version-history":[{"count":46,"href":"https:\/\/arbocontrol.unb.br\/index.php?rest_route=\/wp\/v2\/pages\/527\/revisions"}],"predecessor-version":[{"id":1659,"href":"https:\/\/arbocontrol.unb.br\/index.php?rest_route=\/wp\/v2\/pages\/527\/revisions\/1659"}],"wp:attachment":[{"href":"https:\/\/arbocontrol.unb.br\/index.php?rest_route=%2Fwp%2Fv2%2Fmedia&parent=527"}],"curies":[{"name":"wp","href":"https:\/\/api.w.org\/{rel}","templated":true}]}}