

 {"id":852,"date":"2020-04-27T01:34:59","date_gmt":"2020-04-27T01:34:59","guid":{"rendered":"https:\/\/arbocontrol.unb.br\/?page_id=852"},"modified":"2020-12-03T14:06:05","modified_gmt":"2020-12-03T14:06:05","slug":"equipe-arbocontrol-links","status":"publish","type":"page","link":"https:\/\/arbocontrol.unb.br\/?page_id=852","title":{"rendered":"Equipe ArboControl"},"content":{"rendered":"<p>[vc_row][vc_column]<div class=\"sc_section margin_top_huge margin_bottom_huge\" data-animation=\"animated zoomIn normal\"><div class=\"sc_section_inner\">[vc_column_text]<\/p>\n<div class=\"page-header\">\n<h2>Equipe ArboControl<\/h2>\n<\/div>\n<div id=\"idbpfpeogbhifooiagnbbdbffplkfcke\"><\/div>\n<p>[\/vc_column_text][vc_empty_space][vc_column_text]<a href=\"https:\/\/arbocontrol.unb.br\/?page_id=178\">Professores pesquisadores Nacionais<\/a><\/p>\n<p><a href=\"https:\/\/arbocontrol.unb.br\/?page_id=848\">Professores pesquisadores Internacionais<\/a><\/p>\n<p><a href=\"https:\/\/arbocontrol.unb.br\/?page_id=849\">P\u00f3s Doutorandos<\/a><\/p>\n<p><a href=\"https:\/\/arbocontrol.unb.br\/?page_id=968\">Doutorandos<\/a><\/p>\n<p><a href=\"https:\/\/arbocontrol.unb.br\/?page_id=979\">Mestrandos<\/a><\/p>\n<p><a href=\"https:\/\/arbocontrol.unb.br\/?page_id=978\">Inicia\u00e7\u00e3o Cient\u00edfica<\/a><\/p>\n<div id=\"idbpfpeogbhifooiagnbbdbffplkfcke\"><\/div>\n<p>[\/vc_column_text][vc_empty_space]<\/div><\/div>[\/vc_column][\/vc_row][vc_row full_width=&#8221;stretch_row&#8221; css=&#8221;.vc_custom_1455894741528{background-image: url(http:\/\/scientific.ancorathemes.com\/wp-content\/uploads\/2016\/02\/bg_lab_members.jpg?id=182) !important;background-position: center !important;background-repeat: no-repeat !important;background-size: cover !important;}&#8221; el_class=&#8221;accent1_bgc&#8221;][vc_column]<div class=\"sc_section light_version_color margin_top_huge margin_bottom_huge\" data-animation=\"animated zoomIn normal\"><div class=\"sc_section_inner\"><div class=\"columns_wrap sc_columns columns_nofluid sc_columns_count_4\"><div class=\"column-1_4 sc_column_item sc_column_item_1 odd first\" style=\"text-align:center;\"><span class=\"sc_icon icon-9 margin_right_null margin_bottom_small\" style=\"display:block;font-size:4rem; line-height: 1em;\"><\/span><div id=\"sc_skills_diagram_1634778462\" class=\"sc_skills sc_skills_counter\" data-type=\"counter\" data-caption=\"Skills\"><div class=\"columns_wrap sc_skills_columns sc_skills_columns_1\"><div class=\"sc_skills_column column-1_1\"><div class=\"sc_skills_item sc_skills_style_2 odd first\"><div class=\"sc_skills_count\"><div class=\"sc_skills_total\" data-start=\"0\" data-stop=\"2745\" data-step=\"27\" data-max=\"2745\" data-speed=\"37\" data-duration=\"3762\" data-ed=\"\">0<\/div><\/div><div class=\"sc_skills_info\"><div class=\"sc_skills_label\">Amostras encontradas<\/div><\/div><\/div><\/div><\/div><\/div><\/div><div class=\"column-1_4 sc_column_item sc_column_item_2 even\" style=\"text-align:center;\"><span class=\"sc_icon icon-10 margin_right_null margin_bottom_small\" style=\"display:block;font-size:4rem; line-height: 1em;\"><\/span><div id=\"sc_skills_diagram_543212185\" class=\"sc_skills sc_skills_counter\" data-type=\"counter\" data-caption=\"Skills\"><div class=\"columns_wrap sc_skills_columns sc_skills_columns_1\"><div class=\"sc_skills_column column-1_1\"><div class=\"sc_skills_item sc_skills_style_2 odd first\"><div class=\"sc_skills_count\"><div class=\"sc_skills_total\" data-start=\"0\" data-stop=\"156\" data-step=\"2\" data-max=\"156\" data-speed=\"32\" data-duration=\"2496\" data-ed=\"\">0<\/div><\/div><div class=\"sc_skills_info\"><div class=\"sc_skills_label\">DNA exemplos tirados e revisados<\/div><\/div><\/div><\/div><\/div><\/div><\/div><div class=\"column-1_4 sc_column_item sc_column_item_3 odd\" style=\"text-align:center;\"><span class=\"sc_icon icon-11 margin_right_null margin_bottom_small\" style=\"display:block;font-size:4rem; line-height: 1em;\"><\/span><div id=\"sc_skills_diagram_914893776\" class=\"sc_skills sc_skills_counter\" data-type=\"counter\" data-caption=\"Skills\"><div class=\"columns_wrap sc_skills_columns sc_skills_columns_1\"><div class=\"sc_skills_column column-1_1\"><div class=\"sc_skills_item sc_skills_style_2 odd first\"><div class=\"sc_skills_count\"><div class=\"sc_skills_total\" data-start=\"0\" data-stop=\"853\" data-step=\"9\" data-max=\"853\" data-speed=\"21\" data-duration=\"1990\" data-ed=\"\">0<\/div><\/div><div class=\"sc_skills_info\"><div class=\"sc_skills_label\">Elementos reunidos e combinados<\/div><\/div><\/div><\/div><\/div><\/div><\/div><div class=\"column-1_4 sc_column_item sc_column_item_4 even\" style=\"text-align:center;\"><span class=\"sc_icon icon-12 margin_right_null margin_bottom_small\" style=\"display:block;font-size:4rem; line-height: 1em;\"><\/span><div id=\"sc_skills_diagram_1748626728\" class=\"sc_skills sc_skills_counter\" data-type=\"counter\" data-caption=\"Skills\"><div class=\"columns_wrap sc_skills_columns sc_skills_columns_1\"><div class=\"sc_skills_column column-1_1\"><div class=\"sc_skills_item sc_skills_style_2 odd first\"><div class=\"sc_skills_count\"><div class=\"sc_skills_total\" data-start=\"0\" data-stop=\"3019\" data-step=\"30\" data-max=\"3019\" data-speed=\"21\" data-duration=\"2113\" data-ed=\"\">0<\/div><\/div><div class=\"sc_skills_info\"><div class=\"sc_skills_label\">Membros Participantes<\/div><\/div><\/div><\/div><\/div><\/div><\/div><\/div><\/div><\/div>[\/vc_column][\/vc_row]<\/p>\n<div id=\"idbpfpeogbhifooiagnbbdbffplkfcke\"><\/div>\n","protected":false},"excerpt":{"rendered":"<p>[vc_row][vc_column][\/vc_column][\/vc_row][vc_row full_width=&#8221;stretch_row&#8221; css=&#8221;.vc_custom_1455894741528{background-image: url(http:\/\/scientific.ancorathemes.com\/wp-content\/uploads\/2016\/02\/bg_lab_members.jpg?id=182) !important;background-position: center !important;background-repeat: no-repeat !important;background-size: cover !important;}&#8221; el_class=&#8221;accent1_bgc&#8221;][vc_column][\/vc_column][\/vc_row]<\/p>\n","protected":false},"author":1,"featured_media":0,"parent":0,"menu_order":0,"comment_status":"closed","ping_status":"closed","template":"","meta":[],"_links":{"self":[{"href":"https:\/\/arbocontrol.unb.br\/index.php?rest_route=\/wp\/v2\/pages\/852"}],"collection":[{"href":"https:\/\/arbocontrol.unb.br\/index.php?rest_route=\/wp\/v2\/pages"}],"about":[{"href":"https:\/\/arbocontrol.unb.br\/index.php?rest_route=\/wp\/v2\/types\/page"}],"author":[{"embeddable":true,"href":"https:\/\/arbocontrol.unb.br\/index.php?rest_route=\/wp\/v2\/users\/1"}],"replies":[{"embeddable":true,"href":"https:\/\/arbocontrol.unb.br\/index.php?rest_route=%2Fwp%2Fv2%2Fcomments&post=852"}],"version-history":[{"count":7,"href":"https:\/\/arbocontrol.unb.br\/index.php?rest_route=\/wp\/v2\/pages\/852\/revisions"}],"predecessor-version":[{"id":1170,"href":"https:\/\/arbocontrol.unb.br\/index.php?rest_route=\/wp\/v2\/pages\/852\/revisions\/1170"}],"wp:attachment":[{"href":"https:\/\/arbocontrol.unb.br\/index.php?rest_route=%2Fwp%2Fv2%2Fmedia&parent=852"}],"curies":[{"name":"wp","href":"https:\/\/api.w.org\/{rel}","templated":true}]}}