

 {"id":871,"date":"2020-05-10T14:51:16","date_gmt":"2020-05-10T14:51:16","guid":{"rendered":"https:\/\/arbocontrol.unb.br\/?page_id=871"},"modified":"2020-12-03T13:49:15","modified_gmt":"2020-12-03T13:49:15","slug":"estrategias","status":"publish","type":"page","link":"https:\/\/arbocontrol.unb.br\/?page_id=871","title":{"rendered":"Estrat\u00e9gias"},"content":{"rendered":"<p>[vc_row][vc_column]<div class=\"sc_section aligncenter\" data-animation=\"animated zoomIn normal\"><div class=\"sc_section_inner\"><h6 class=\"sc_section_subtitle sc_item_subtitle\">COMPONENTE 1<\/h6><h2 class=\"sc_section_title sc_item_title\">Estrat\u00e9gias<\/h2><div class=\"sc_section aligncenter\" style=\"max-width: 43rem;\"><div class=\"sc_section_inner\">[vc_column_text]<\/p>\n<div class=\"page-header\" style=\"text-align: left;\"><\/div>\n<ul>\n<li style=\"text-align: left;\">Testar amostras do \u201cBanco de Extratos de Plantas do Bioma Cerrado\u201d, \u00f3leos essenciais e produtos sint\u00e9ticos (Lab. de Farmacognosia\/UnB), produtos naturais e sint\u00e9ticos (NUBBE\/UNESP-Araraquara, UNESP\/S\u00e3o Jos\u00e9 do Rio Preto, UFC, UFRN e UFRRJ) e a cole\u00e7\u00e3o de extratos de microrganismos marinhos (USP-SP), bem como amostras de outros parceiros nacionais e internacionais para busca de subst\u00e2ncias ativas<\/li>\n<li style=\"text-align: left;\">Adquirir subst\u00e2ncias comerciais racionalmente selecionadas a partir das estruturas qu\u00edmicas de subst\u00e2ncias naturais ativas<\/li>\n<li style=\"text-align: left;\">Realizar ensaios em todos os est\u00e1gios de desenvolvimento de\u00a0<em>Aedes aegypti<\/em><\/li>\n<li style=\"text-align: left;\">Realizar ensaios de toxicidade em zebrafish com a finalidade de selecionar as subst\u00e2ncias com baixo efeito nesse organismo n\u00e3o alvo, mas ativas em\u00a0<em>Aedes aegypti<\/em>.\u00a0 As amostras com esse perfil prosseguir\u00e3o para a elabora\u00e7\u00e3o dos prot\u00f3tipos de produtos<\/li>\n<li style=\"text-align: left;\">Realizar parcerias nacionais e internacionais para a forma\u00e7\u00e3o de equipes multidisciplinares de maneira a racionalizar todas as vertentes que envolvem a identifica\u00e7\u00e3o e obten\u00e7\u00e3o de subst\u00e2ncias potencialmente ativas, bem como os testes que garantam a efic\u00e1cia, seguran\u00e7a, sustentabilidade e aplicabilidade dos prot\u00f3tipos de produtos<\/li>\n<\/ul>\n<p>[\/vc_column_text]<\/div><\/div><figure class=\"sc_image  sc_image_shape_square margin_bottom_small\"><img src=\"https:\/\/arbocontrol.unb.br\/wp-content\/uploads\/2020\/05\/Arbo_Control_Estrategias.png\" alt=\"\" \/><\/figure><\/div><\/div>[\/vc_column][\/vc_row]<\/p>\n","protected":false},"excerpt":{"rendered":"<p>[vc_row][vc_column][\/vc_column][\/vc_row]<\/p>\n","protected":false},"author":1,"featured_media":0,"parent":0,"menu_order":0,"comment_status":"closed","ping_status":"closed","template":"","meta":[],"_links":{"self":[{"href":"https:\/\/arbocontrol.unb.br\/index.php?rest_route=\/wp\/v2\/pages\/871"}],"collection":[{"href":"https:\/\/arbocontrol.unb.br\/index.php?rest_route=\/wp\/v2\/pages"}],"about":[{"href":"https:\/\/arbocontrol.unb.br\/index.php?rest_route=\/wp\/v2\/types\/page"}],"author":[{"embeddable":true,"href":"https:\/\/arbocontrol.unb.br\/index.php?rest_route=\/wp\/v2\/users\/1"}],"replies":[{"embeddable":true,"href":"https:\/\/arbocontrol.unb.br\/index.php?rest_route=%2Fwp%2Fv2%2Fcomments&post=871"}],"version-history":[{"count":5,"href":"https:\/\/arbocontrol.unb.br\/index.php?rest_route=\/wp\/v2\/pages\/871\/revisions"}],"predecessor-version":[{"id":1159,"href":"https:\/\/arbocontrol.unb.br\/index.php?rest_route=\/wp\/v2\/pages\/871\/revisions\/1159"}],"wp:attachment":[{"href":"https:\/\/arbocontrol.unb.br\/index.php?rest_route=%2Fwp%2Fv2%2Fmedia&parent=871"}],"curies":[{"name":"wp","href":"https:\/\/api.w.org\/{rel}","templated":true}]}}