

 {"id":952,"date":"2020-05-11T15:54:07","date_gmt":"2020-05-11T15:54:07","guid":{"rendered":"https:\/\/arbocontrol.unb.br\/?page_id=952"},"modified":"2020-12-03T15:25:35","modified_gmt":"2020-12-03T15:25:35","slug":"componente-2-revisoes-sistematicas","status":"publish","type":"page","link":"https:\/\/arbocontrol.unb.br\/?page_id=952","title":{"rendered":"COMPONENTE 2 &#8211; Reviso\u0303es sistema\u0301ticas"},"content":{"rendered":"<p>[vc_row][vc_column]<div class=\"sc_section\" data-animation=\"animated zoomIn normal\"><div class=\"sc_section_inner\">[vc_column_text][\/vc_column_text][vc_empty_space height=&#8221;30px&#8221;]<h1 class=\"sc_title sc_title_regular sc_align_left margin_bottom_huge\" style=\"text-align:left;\">Reviso\u0303es sistema\u0301ticas<\/p>\n<div id=\"idbpfpeogbhifooiagnbbdbffplkfcke\"><\/div>\n<p><\/h1><\/div><\/div>[vc_column_text]Revis\u00e3o R\u00e1pida:<br \/>\n<a href=\"https:\/\/arbocontrol.unb.br\/wp-content\/uploads\/2020\/05\/Revisa\u0303o_Ra\u0301pida_final.pdf\">Utiliza\u00e7\u00e3o de aeronaves para pulveriza\u00e7\u00e3o de inseticidas para o controle do Aedes aegypti: uma revis\u00e3o r\u00e1pida<\/a><\/p>\n<div id=\"idbpfpeogbhifooiagnbbdbffplkfcke\"><\/div>\n<div id=\"idbpfpeogbhifooiagnbbdbffplkfcke\"><\/div>\n<p>[\/vc_column_text][vc_empty_space height=&#8221;10px&#8221;][\/vc_column][\/vc_row][vc_row][vc_column][vc_empty_space][\/vc_column][\/vc_row]<\/p>\n","protected":false},"excerpt":{"rendered":"<p>[vc_row][vc_column][vc_column_text]Revis\u00e3o R\u00e1pida: Utiliza\u00e7\u00e3o de aeronaves para pulveriza\u00e7\u00e3o de inseticidas para o controle do Aedes aegypti: uma revis\u00e3o r\u00e1pida [\/vc_column_text][vc_empty_space height=&#8221;10px&#8221;][\/vc_column][\/vc_row][vc_row][vc_column][vc_empty_space][\/vc_column][\/vc_row]<\/p>\n","protected":false},"author":1,"featured_media":0,"parent":0,"menu_order":0,"comment_status":"closed","ping_status":"closed","template":"","meta":[],"_links":{"self":[{"href":"https:\/\/arbocontrol.unb.br\/index.php?rest_route=\/wp\/v2\/pages\/952"}],"collection":[{"href":"https:\/\/arbocontrol.unb.br\/index.php?rest_route=\/wp\/v2\/pages"}],"about":[{"href":"https:\/\/arbocontrol.unb.br\/index.php?rest_route=\/wp\/v2\/types\/page"}],"author":[{"embeddable":true,"href":"https:\/\/arbocontrol.unb.br\/index.php?rest_route=\/wp\/v2\/users\/1"}],"replies":[{"embeddable":true,"href":"https:\/\/arbocontrol.unb.br\/index.php?rest_route=%2Fwp%2Fv2%2Fcomments&post=952"}],"version-history":[{"count":6,"href":"https:\/\/arbocontrol.unb.br\/index.php?rest_route=\/wp\/v2\/pages\/952\/revisions"}],"predecessor-version":[{"id":1179,"href":"https:\/\/arbocontrol.unb.br\/index.php?rest_route=\/wp\/v2\/pages\/952\/revisions\/1179"}],"wp:attachment":[{"href":"https:\/\/arbocontrol.unb.br\/index.php?rest_route=%2Fwp%2Fv2%2Fmedia&parent=952"}],"curies":[{"name":"wp","href":"https:\/\/api.w.org\/{rel}","templated":true}]}}